{"id":13273,"date":"2021-03-09T13:03:54","date_gmt":"2021-03-09T19:03:54","guid":{"rendered":"https:\/\/classeducation.com\/demo\/?post_type=product&#038;p=13273"},"modified":"2022-04-05T16:28:13","modified_gmt":"2022-04-05T21:28:13","slug":"humber-college","status":"publish","type":"product","link":"https:\/\/classeducation.com\/en\/product\/humber-college\/","title":{"rendered":"Humber College"},"content":{"rendered":"<p>Instituto polit\u00e9cnico p\u00fablico, vanguardista y l\u00edder en Canad\u00e1, con tres campus en el \u00e1rea de Toronto, Ontario, se posiciona como l\u00edder en educaci\u00f3n pos-secundaria en Canad\u00e1.<\/p>\n<p>Humber emphasizes career-focused, hands-on learning. We offer a wide range of credentials, including Ontario bachelor's degrees, diplomas, certificates, and graduate certificates, and we will help you chart the best path to your goals.<\/p>\n<p>&nbsp;<\/p>\n<p>&nbsp;<\/p>\n<p>&nbsp;<\/p>","protected":false},"excerpt":{"rendered":"<p>Instituto polit\u00e9cnico p\u00fablico, vanguardista y l\u00edder en Canad\u00e1, con tres campus en el \u00e1rea de Toronto, Ontario, se posiciona como l\u00edder en educaci\u00f3n pos-secundaria en Canad\u00e1. Humber enfatiza el aprendizaje pr\u00e1ctico centrado en la carrera. Ofrecemos una amplia gama de credenciales, incluidos t\u00edtulos de licenciatura, diplomas, certificados y certificados de posgrado de Ontario, y lo [&hellip;]<\/p>\n","protected":false},"featured_media":13266,"comment_status":"open","ping_status":"closed","template":"","meta":{"_acf_changed":false},"product_brand":[],"product_cat":[48,51,49,52,56,58],"product_tag":[],"class_list":{"0":"post-13273","1":"product","2":"type-product","3":"status-publish","4":"has-post-thumbnail","6":"product_cat-canada","7":"product_cat-certificado","8":"product_cat-colleges-universidades","9":"product_cat-diploma","10":"product_cat-licienciatura","11":"product_cat-posgrado","13":"first","14":"instock","15":"virtual","16":"product-type-simple"},"acf":[],"_links":{"self":[{"href":"https:\/\/classeducation.com\/en\/wp-json\/wp\/v2\/product\/13273","targetHints":{"allow":["GET"]}}],"collection":[{"href":"https:\/\/classeducation.com\/en\/wp-json\/wp\/v2\/product"}],"about":[{"href":"https:\/\/classeducation.com\/en\/wp-json\/wp\/v2\/types\/product"}],"replies":[{"embeddable":true,"href":"https:\/\/classeducation.com\/en\/wp-json\/wp\/v2\/comments?post=13273"}],"wp:featuredmedia":[{"embeddable":true,"href":"https:\/\/classeducation.com\/en\/wp-json\/wp\/v2\/media\/13266"}],"wp:attachment":[{"href":"https:\/\/classeducation.com\/en\/wp-json\/wp\/v2\/media?parent=13273"}],"wp:term":[{"taxonomy":"product_brand","embeddable":true,"href":"https:\/\/classeducation.com\/en\/wp-json\/wp\/v2\/product_brand?post=13273"},{"taxonomy":"product_cat","embeddable":true,"href":"https:\/\/classeducation.com\/en\/wp-json\/wp\/v2\/product_cat?post=13273"},{"taxonomy":"product_tag","embeddable":true,"href":"https:\/\/classeducation.com\/en\/wp-json\/wp\/v2\/product_tag?post=13273"}],"curies":[{"name":"wp","href":"https:\/\/api.w.org\/{rel}","templated":true}]}}