{"id":13265,"date":"2021-03-09T12:54:05","date_gmt":"2021-03-09T18:54:05","guid":{"rendered":"https:\/\/classeducation.com\/demo\/?post_type=product&#038;p=13265"},"modified":"2022-03-11T18:32:05","modified_gmt":"2022-03-12T00:32:05","slug":"seneca-college","status":"publish","type":"product","link":"https:\/\/classeducation.com\/en\/product\/seneca-college\/","title":{"rendered":"Seneca College"},"content":{"rendered":"<p style=\"text-align: justify;\">Seneca offers more than an education. With campuses throughout the greater Toronto area, Seneca's size and diversity give students the advantage of collaborating with industry leaders, the latest in computer technology, a variety of classes, and full-time education options, to part time and continuous.<\/p>\n<p style=\"text-align: justify;\">Education must be flexible and accessible, which is why Seneca also employs various teaching methods, from classroom lectures and online learning to cooperative and field practices, in programs related to applied arts, business, financial services, and technology.<\/p>","protected":false},"excerpt":{"rendered":"<p>S\u00e9neca ofrece m\u00e1s que una educaci\u00f3n. Con campus en toda el \u00e1rea metropolitana de Toronto, el tama\u00f1o y la diversidad de Seneca brindan a los estudiantes la ventaja de colaborar con l\u00edderes de la industria, lo \u00faltimo en tecnolog\u00eda inform\u00e1tica, una variedad de clases y opciones de educaci\u00f3n a tiempo completo, a tiempo parcial y [&hellip;]<\/p>\n","protected":false},"featured_media":13259,"comment_status":"open","ping_status":"closed","template":"","meta":{"_acf_changed":false},"product_brand":[],"product_cat":[48,51,49,52,56,58],"product_tag":[],"class_list":{"0":"post-13265","1":"product","2":"type-product","3":"status-publish","4":"has-post-thumbnail","6":"product_cat-canada","7":"product_cat-certificado","8":"product_cat-colleges-universidades","9":"product_cat-diploma","10":"product_cat-licienciatura","11":"product_cat-posgrado","13":"first","14":"instock","15":"virtual","16":"product-type-simple"},"acf":[],"_links":{"self":[{"href":"https:\/\/classeducation.com\/en\/wp-json\/wp\/v2\/product\/13265","targetHints":{"allow":["GET"]}}],"collection":[{"href":"https:\/\/classeducation.com\/en\/wp-json\/wp\/v2\/product"}],"about":[{"href":"https:\/\/classeducation.com\/en\/wp-json\/wp\/v2\/types\/product"}],"replies":[{"embeddable":true,"href":"https:\/\/classeducation.com\/en\/wp-json\/wp\/v2\/comments?post=13265"}],"wp:featuredmedia":[{"embeddable":true,"href":"https:\/\/classeducation.com\/en\/wp-json\/wp\/v2\/media\/13259"}],"wp:attachment":[{"href":"https:\/\/classeducation.com\/en\/wp-json\/wp\/v2\/media?parent=13265"}],"wp:term":[{"taxonomy":"product_brand","embeddable":true,"href":"https:\/\/classeducation.com\/en\/wp-json\/wp\/v2\/product_brand?post=13265"},{"taxonomy":"product_cat","embeddable":true,"href":"https:\/\/classeducation.com\/en\/wp-json\/wp\/v2\/product_cat?post=13265"},{"taxonomy":"product_tag","embeddable":true,"href":"https:\/\/classeducation.com\/en\/wp-json\/wp\/v2\/product_tag?post=13265"}],"curies":[{"name":"wp","href":"https:\/\/api.w.org\/{rel}","templated":true}]}}