{"id":13244,"date":"2021-03-09T12:14:20","date_gmt":"2021-03-09T18:14:20","guid":{"rendered":"https:\/\/classeducation.com\/demo\/?post_type=product&#038;p=13244"},"modified":"2022-08-17T00:34:54","modified_gmt":"2022-08-17T05:34:54","slug":"holland-college","status":"publish","type":"product","link":"https:\/\/classeducation.com\/en\/product\/holland-college\/","title":{"rendered":"Holland College"},"content":{"rendered":"<p style=\"text-align: justify;\">Offers a wide variety of programs, small classes, and learning.<\/p>\n<p style=\"text-align: justify;\">The college offers more than 70 credentials in a wide variety of areas including culinary, policing, marine training, applied science and engineering technology, industrial trades and technology, health and community services, communications and media studies, computer studies , business studies, sports and sports. leisure, performing arts and tourism studies on 13 campuses and centers throughout the province.<\/p>\n<p style=\"text-align: justify;\">Holland College has more than 140 joint degree and articulation agreements with universities and colleges across the country and around the world.<\/p>","protected":false},"excerpt":{"rendered":"<p>Ofrece una amplia variedad de programas, clases peque\u00f1as y aprendizaje. El colegio ofrece m\u00e1s de 70 credenciales en una amplia variedad de \u00e1reas que incluyen culinaria, vigilancia policial, capacitaci\u00f3n marina, ciencias aplicadas y tecnolog\u00eda de ingenier\u00eda, oficios y tecnolog\u00eda industrial, servicios de salud y comunitarios, comunicaciones y estudios de medios, estudios de inform\u00e1tica, estudios de [&hellip;]<\/p>\n","protected":false},"featured_media":13240,"comment_status":"open","ping_status":"closed","template":"","meta":{"_acf_changed":false},"product_brand":[],"product_cat":[48,51,49,52],"product_tag":[],"class_list":{"0":"post-13244","1":"product","2":"type-product","3":"status-publish","4":"has-post-thumbnail","6":"product_cat-canada","7":"product_cat-certificado","8":"product_cat-colleges-universidades","9":"product_cat-diploma","11":"first","12":"instock","13":"virtual","14":"product-type-simple"},"acf":[],"_links":{"self":[{"href":"https:\/\/classeducation.com\/en\/wp-json\/wp\/v2\/product\/13244","targetHints":{"allow":["GET"]}}],"collection":[{"href":"https:\/\/classeducation.com\/en\/wp-json\/wp\/v2\/product"}],"about":[{"href":"https:\/\/classeducation.com\/en\/wp-json\/wp\/v2\/types\/product"}],"replies":[{"embeddable":true,"href":"https:\/\/classeducation.com\/en\/wp-json\/wp\/v2\/comments?post=13244"}],"wp:featuredmedia":[{"embeddable":true,"href":"https:\/\/classeducation.com\/en\/wp-json\/wp\/v2\/media\/13240"}],"wp:attachment":[{"href":"https:\/\/classeducation.com\/en\/wp-json\/wp\/v2\/media?parent=13244"}],"wp:term":[{"taxonomy":"product_brand","embeddable":true,"href":"https:\/\/classeducation.com\/en\/wp-json\/wp\/v2\/product_brand?post=13244"},{"taxonomy":"product_cat","embeddable":true,"href":"https:\/\/classeducation.com\/en\/wp-json\/wp\/v2\/product_cat?post=13244"},{"taxonomy":"product_tag","embeddable":true,"href":"https:\/\/classeducation.com\/en\/wp-json\/wp\/v2\/product_tag?post=13244"}],"curies":[{"name":"wp","href":"https:\/\/api.w.org\/{rel}","templated":true}]}}