{"id":13239,"date":"2021-03-09T12:03:07","date_gmt":"2021-03-09T18:03:07","guid":{"rendered":"https:\/\/classeducation.com\/demo\/?post_type=product&#038;p=13239"},"modified":"2022-03-11T18:26:48","modified_gmt":"2022-03-12T00:26:48","slug":"fanshawe-college","status":"publish","type":"product","link":"https:\/\/classeducation.com\/en\/product\/fanshawe-college\/","title":{"rendered":"Fanshawe College"},"content":{"rendered":"<p style=\"text-align: justify;\">Fanshawe is a comprehensive university serving the London region, providing flexible learning arrangements and experiential education opportunities developed in response to the needs of the job market.<\/p>\n<p style=\"text-align: justify;\">One of Ontario's largest universities, with four campuses in London, Simcoe, St. Thomas, and Woodstock, Fanshawe serves nearly half a million people with the promise of educating, engaging, empowering and exciting.<\/p>\n<p style=\"text-align: justify;\">We offer more than 200 degree, diploma, certificate and apprenticeship programs to 43,000 students each year, helping individuals unleash their potential and achieve success in a variety of disciplines including applied arts, business, healthcare, human services, hospitality and technology .<\/p>\n<p style=\"text-align: justify;\">Fanshawe also plays an important role in providing skills upgrade and enhancement opportunities for mature students through the design and delivery of customized training for federal and provincial sponsored apprentices, community organizations, sector training councils, and private sector employers in business, healthcare, industry and service sectors.<\/p>","protected":false},"excerpt":{"rendered":"<p>Fanshawe es una universidad integral que presta servicios en la regi\u00f3n de Londres, proporcionando acuerdos de aprendizaje flexibles y oportunidades de educaci\u00f3n experimental desarrolladas en respuesta a las necesidades del mercado laboral. Una de las universidades m\u00e1s grandes de Ontario, con cuatro campus en Londres, Simcoe, St. Thomas y Woodstock, Fanshawe presta servicios a cerca [&hellip;]<\/p>\n","protected":false},"featured_media":13230,"comment_status":"open","ping_status":"closed","template":"","meta":{"_acf_changed":false},"product_brand":[],"product_cat":[50,48,51,49,52,56,58],"product_tag":[],"class_list":{"0":"post-13239","1":"product","2":"type-product","3":"status-publish","4":"has-post-thumbnail","6":"product_cat-camps","7":"product_cat-canada","8":"product_cat-certificado","9":"product_cat-colleges-universidades","10":"product_cat-diploma","11":"product_cat-licienciatura","12":"product_cat-posgrado","14":"first","15":"instock","16":"virtual","17":"product-type-simple"},"acf":[],"_links":{"self":[{"href":"https:\/\/classeducation.com\/en\/wp-json\/wp\/v2\/product\/13239","targetHints":{"allow":["GET"]}}],"collection":[{"href":"https:\/\/classeducation.com\/en\/wp-json\/wp\/v2\/product"}],"about":[{"href":"https:\/\/classeducation.com\/en\/wp-json\/wp\/v2\/types\/product"}],"replies":[{"embeddable":true,"href":"https:\/\/classeducation.com\/en\/wp-json\/wp\/v2\/comments?post=13239"}],"wp:featuredmedia":[{"embeddable":true,"href":"https:\/\/classeducation.com\/en\/wp-json\/wp\/v2\/media\/13230"}],"wp:attachment":[{"href":"https:\/\/classeducation.com\/en\/wp-json\/wp\/v2\/media?parent=13239"}],"wp:term":[{"taxonomy":"product_brand","embeddable":true,"href":"https:\/\/classeducation.com\/en\/wp-json\/wp\/v2\/product_brand?post=13239"},{"taxonomy":"product_cat","embeddable":true,"href":"https:\/\/classeducation.com\/en\/wp-json\/wp\/v2\/product_cat?post=13239"},{"taxonomy":"product_tag","embeddable":true,"href":"https:\/\/classeducation.com\/en\/wp-json\/wp\/v2\/product_tag?post=13239"}],"curies":[{"name":"wp","href":"https:\/\/api.w.org\/{rel}","templated":true}]}}