{"id":13229,"date":"2021-03-09T11:48:37","date_gmt":"2021-03-09T17:48:37","guid":{"rendered":"https:\/\/classeducation.com\/demo\/?post_type=product&#038;p=13229"},"modified":"2022-02-23T21:52:46","modified_gmt":"2022-02-24T03:52:46","slug":"douglas-college","status":"publish","type":"product","link":"https:\/\/classeducation.com\/en\/product\/douglas-college\/","title":{"rendered":"Douglas College"},"content":{"rendered":"<p style=\"text-align: justify;\">Founded in 1970, Douglas College is the largest degree-granting university in British Columbia, Canada, educating about 25,000 students per year. The College has two main campuses in Metro Vancouver (New Westminster and Coquitlam), as well as several smaller training centers in Surrey, Burnaby, and Maple Ridge. With the two main campuses directly on the SkyTrain lines, Douglas is one of the most accessible post-secondary institutions in Metro Vancouver, attracting students from across the region.<\/p>\n<p style=\"text-align: justify;\">Douglas offers the most undergraduate and graduate programs of any university in B.C., and stands out for combining the academic foundations of a university with the professional skills of a university. Each year, nearly 17,000 students (including 4,210 international students from more than 92 countries) take courses for credit at Douglas. Due to the university's strong academic foundation, most of these credit courses transfer to different research universities in B.C. and throughout Canada, providing students with flexible pathways to achieve their academic goals.<\/p>\n<p style=\"text-align: justify;\">Douglas also offers hundreds of high-quality, short-term non-credit courses, programs and workshops to around 8,500 students through Continuing Education and The Training Group, in areas such as business, music, health, perinatal, professional development, industrial training and more.<\/p>\n<p style=\"text-align: justify;\">More than 960 experienced, teaching-focused teachers bring academic rigor and real-world experience to Douglas's classroom. Outside of the classroom, more than 900 employees work together to create a friendly, inspiring, supportive and respectful environment.<\/p>","protected":false},"excerpt":{"rendered":"<p>Fundada en 1970, Douglas College es la universidad m\u00e1s grande que otorga t\u00edtulos en Columbia Brit\u00e1nica, Canad\u00e1, y educa a cerca de 25,000 estudiantes por a\u00f1o. El Colegio tiene dos campus principales en Metro Vancouver (New Westminster y Coquitlam), as\u00ed como varios centros de capacitaci\u00f3n m\u00e1s peque\u00f1os en Surrey, Burnaby y Maple Ridge. Con los [&hellip;]<\/p>\n","protected":false},"featured_media":13214,"comment_status":"open","ping_status":"closed","template":"","meta":{"_acf_changed":false},"product_brand":[],"product_cat":[48,51,49,52,56],"product_tag":[],"class_list":{"0":"post-13229","1":"product","2":"type-product","3":"status-publish","4":"has-post-thumbnail","6":"product_cat-canada","7":"product_cat-certificado","8":"product_cat-colleges-universidades","9":"product_cat-diploma","10":"product_cat-licienciatura","12":"first","13":"instock","14":"virtual","15":"product-type-simple"},"acf":[],"_links":{"self":[{"href":"https:\/\/classeducation.com\/en\/wp-json\/wp\/v2\/product\/13229","targetHints":{"allow":["GET"]}}],"collection":[{"href":"https:\/\/classeducation.com\/en\/wp-json\/wp\/v2\/product"}],"about":[{"href":"https:\/\/classeducation.com\/en\/wp-json\/wp\/v2\/types\/product"}],"replies":[{"embeddable":true,"href":"https:\/\/classeducation.com\/en\/wp-json\/wp\/v2\/comments?post=13229"}],"wp:featuredmedia":[{"embeddable":true,"href":"https:\/\/classeducation.com\/en\/wp-json\/wp\/v2\/media\/13214"}],"wp:attachment":[{"href":"https:\/\/classeducation.com\/en\/wp-json\/wp\/v2\/media?parent=13229"}],"wp:term":[{"taxonomy":"product_brand","embeddable":true,"href":"https:\/\/classeducation.com\/en\/wp-json\/wp\/v2\/product_brand?post=13229"},{"taxonomy":"product_cat","embeddable":true,"href":"https:\/\/classeducation.com\/en\/wp-json\/wp\/v2\/product_cat?post=13229"},{"taxonomy":"product_tag","embeddable":true,"href":"https:\/\/classeducation.com\/en\/wp-json\/wp\/v2\/product_tag?post=13229"}],"curies":[{"name":"wp","href":"https:\/\/api.w.org\/{rel}","templated":true}]}}