{"id":13213,"date":"2021-03-08T22:05:19","date_gmt":"2021-03-09T04:05:19","guid":{"rendered":"https:\/\/classeducation.com\/demo\/?post_type=product&#038;p=13213"},"modified":"2022-02-23T12:37:58","modified_gmt":"2022-02-23T18:37:58","slug":"upper-canada-college","status":"publish","type":"product","link":"https:\/\/classeducation.com\/en\/product\/upper-canada-college\/","title":{"rendered":"Upper Canada College"},"content":{"rendered":"<p style=\"text-align: justify;\">Upon arrival, preparatory school seems like a great place for young children, but they learn to feel at home very quickly. With about 400 students in kindergarten through seventh grade, we like to say that UCC offers \"great school opportunities with a small school environment.\" Our educators are passionately committed to providing a warm and welcoming environment for children to develop the emotional, social, and intellectual skills they need to find their unique path and make a lasting, positive impact on their world.<\/p>\n<p style=\"text-align: justify;\">Teaching in leading schools around the world has instilled in me a deep appreciation for the importance of learning in a culture that celebrates differences and gives voice to multiple perspectives. With unparalleled opportunities in each discipline, each child finds her balance and unlocks her potential, whatever her unique path.<\/p>\n<p style=\"text-align: justify;\">Academically, the Primary Years Program (PYP), from kindergarten through grade five, is the first step on the IB journey. UCC is currently a candidate school for the Middle Years Program (MYP), which begins in year 6; Our goal is to be authorized as an IB World School for 2019-20. The PYP would therefore provide students with curricular links to this next stage of their IB education.<\/p>\n<p style=\"text-align: justify;\">While graduation day may seem like a long road for our kids in Preparation, it is worth noting that the effort of the IB Diploma Program is well worth the enhanced recognition our college graduates receive.<\/p>\n<p style=\"text-align: justify;\">I encourage you to explore the sections here, which link to information about our full academic, artistic and athletic program, and world-class facilities. Then come see what makes the UCC student experience so exceptional.<\/p>","protected":false},"excerpt":{"rendered":"<p>A su llegada, la escuela preparatoria parece un gran lugar para los ni\u00f1os peque\u00f1os, pero aprenden a sentirse como en casa muy r\u00e1pidamente. Con alrededor de 400 estudiantes desde jard\u00edn de infantes hasta el s\u00e9ptimo a\u00f1o, nos gusta decir que UCC ofrece \u201cgrandes oportunidades escolares con un ambiente de escuela peque\u00f1a\u201d. Nuestros educadores est\u00e1n apasionadamente [&hellip;]<\/p>\n","protected":false},"featured_media":13204,"comment_status":"open","ping_status":"closed","template":"","meta":{"_acf_changed":false},"product_brand":[],"product_cat":[48,54],"product_tag":[],"class_list":{"0":"post-13213","1":"product","2":"type-product","3":"status-publish","4":"has-post-thumbnail","6":"product_cat-canada","7":"product_cat-high-school","9":"first","10":"instock","11":"virtual","12":"product-type-simple"},"acf":[],"_links":{"self":[{"href":"https:\/\/classeducation.com\/en\/wp-json\/wp\/v2\/product\/13213","targetHints":{"allow":["GET"]}}],"collection":[{"href":"https:\/\/classeducation.com\/en\/wp-json\/wp\/v2\/product"}],"about":[{"href":"https:\/\/classeducation.com\/en\/wp-json\/wp\/v2\/types\/product"}],"replies":[{"embeddable":true,"href":"https:\/\/classeducation.com\/en\/wp-json\/wp\/v2\/comments?post=13213"}],"wp:featuredmedia":[{"embeddable":true,"href":"https:\/\/classeducation.com\/en\/wp-json\/wp\/v2\/media\/13204"}],"wp:attachment":[{"href":"https:\/\/classeducation.com\/en\/wp-json\/wp\/v2\/media?parent=13213"}],"wp:term":[{"taxonomy":"product_brand","embeddable":true,"href":"https:\/\/classeducation.com\/en\/wp-json\/wp\/v2\/product_brand?post=13213"},{"taxonomy":"product_cat","embeddable":true,"href":"https:\/\/classeducation.com\/en\/wp-json\/wp\/v2\/product_cat?post=13213"},{"taxonomy":"product_tag","embeddable":true,"href":"https:\/\/classeducation.com\/en\/wp-json\/wp\/v2\/product_tag?post=13213"}],"curies":[{"name":"wp","href":"https:\/\/api.w.org\/{rel}","templated":true}]}}