{"id":13203,"date":"2021-03-08T21:43:40","date_gmt":"2021-03-09T03:43:40","guid":{"rendered":"https:\/\/classeducation.com\/demo\/?post_type=product&#038;p=13203"},"modified":"2022-03-11T18:16:12","modified_gmt":"2022-03-12T00:16:12","slug":"edu-inter","status":"publish","type":"product","link":"https:\/\/classeducation.com\/en\/product\/edu-inter\/","title":{"rendered":"Edu-Inter"},"content":{"rendered":"<p>The program is offered in beautiful Quebec City, a UNESCO World Heritage Site and the only major city in Canada that offers a 100% French-speaking environment. Being the cradle of French culture in the Americas, Quebec City offers a unique immersion opportunity<br \/>\nto French. The school is located on the Coll\u00e8ge M\u00e9rici campus in the center of Quebec City, close to its main tourist and cultural attractions. Its facilities include a gym, an aerobics room, a library, computer labs, an internet room, a cafeteria and large green spaces.<\/p>","protected":false},"excerpt":{"rendered":"<p>El programa se ofrece en la hermosa Ciudad de Quebec, un Sitio reconocido por la UNESCO como Patrimonio de la Humanidad y la \u00fanica ciudad principal de Canad\u00e1 que ofrece un ambiente 100% francoparlante. Siendo la cuna de la cultura francesa en las Am\u00e9ricas, la ciudad de Quebec ofrece una inigualable oportunidad de inmersi\u00f3n al [&hellip;]<\/p>\n","protected":false},"featured_media":13194,"comment_status":"open","ping_status":"closed","template":"","meta":{"_acf_changed":false},"product_brand":[],"product_cat":[50,48],"product_tag":[],"class_list":{"0":"post-13203","1":"product","2":"type-product","3":"status-publish","4":"has-post-thumbnail","6":"product_cat-camps","7":"product_cat-canada","9":"first","10":"instock","11":"virtual","12":"product-type-simple"},"acf":[],"_links":{"self":[{"href":"https:\/\/classeducation.com\/en\/wp-json\/wp\/v2\/product\/13203","targetHints":{"allow":["GET"]}}],"collection":[{"href":"https:\/\/classeducation.com\/en\/wp-json\/wp\/v2\/product"}],"about":[{"href":"https:\/\/classeducation.com\/en\/wp-json\/wp\/v2\/types\/product"}],"replies":[{"embeddable":true,"href":"https:\/\/classeducation.com\/en\/wp-json\/wp\/v2\/comments?post=13203"}],"wp:featuredmedia":[{"embeddable":true,"href":"https:\/\/classeducation.com\/en\/wp-json\/wp\/v2\/media\/13194"}],"wp:attachment":[{"href":"https:\/\/classeducation.com\/en\/wp-json\/wp\/v2\/media?parent=13203"}],"wp:term":[{"taxonomy":"product_brand","embeddable":true,"href":"https:\/\/classeducation.com\/en\/wp-json\/wp\/v2\/product_brand?post=13203"},{"taxonomy":"product_cat","embeddable":true,"href":"https:\/\/classeducation.com\/en\/wp-json\/wp\/v2\/product_cat?post=13203"},{"taxonomy":"product_tag","embeddable":true,"href":"https:\/\/classeducation.com\/en\/wp-json\/wp\/v2\/product_tag?post=13203"}],"curies":[{"name":"wp","href":"https:\/\/api.w.org\/{rel}","templated":true}]}}