{"id":13193,"date":"2021-03-08T21:21:01","date_gmt":"2021-03-09T03:21:01","guid":{"rendered":"https:\/\/classeducation.com\/demo\/?post_type=product&#038;p=13193"},"modified":"2022-02-23T12:37:57","modified_gmt":"2022-02-23T18:37:57","slug":"edu-inter-french-school","status":"publish","type":"product","link":"https:\/\/classeducation.com\/en\/product\/edu-inter-french-school\/","title":{"rendered":"Edu-Inter French  School"},"content":{"rendered":"<p style=\"text-align: justify;\">Edu-inter offers an unforgettable high school experience in French in Quebec City, one of the safest cities in Canada. By studying with local teenagers and living with a French-Canadian family, the teenager will have a true and complete experience of cultural and linguistic immersion in French.<\/p>\n<p style=\"text-align: left;\">The French School Year program for teenagers offers a complete immersion in French-Canadian culture, integrating into an educational institution be it secondary or preparatory, living with a local family and participating in cultural activities and excursions.<\/p>","protected":false},"excerpt":{"rendered":"<p>Edu-inter ofrece una experiencia inolvidable de high school en franc\u00e9s en la ciudad de Quebec, una de las ciudades m\u00e1s seguras de Canad\u00e1. Al estudiar con adolescentes locales y vivir con una familia franco-canadiense, e\u00f1 adolescente vivir\u00e1 una verdadera y completa experiencia de inmersi\u00f3n cultural y ling\u00fc\u00edstica en franc\u00e9s. El programa de A\u00f1o Escolar en [&hellip;]<\/p>\n","protected":false},"featured_media":13187,"comment_status":"open","ping_status":"closed","template":"","meta":{"_acf_changed":false},"product_brand":[],"product_cat":[48,54],"product_tag":[],"class_list":{"0":"post-13193","1":"product","2":"type-product","3":"status-publish","4":"has-post-thumbnail","6":"product_cat-canada","7":"product_cat-high-school","9":"first","10":"instock","11":"virtual","12":"product-type-simple"},"acf":[],"_links":{"self":[{"href":"https:\/\/classeducation.com\/en\/wp-json\/wp\/v2\/product\/13193","targetHints":{"allow":["GET"]}}],"collection":[{"href":"https:\/\/classeducation.com\/en\/wp-json\/wp\/v2\/product"}],"about":[{"href":"https:\/\/classeducation.com\/en\/wp-json\/wp\/v2\/types\/product"}],"replies":[{"embeddable":true,"href":"https:\/\/classeducation.com\/en\/wp-json\/wp\/v2\/comments?post=13193"}],"wp:featuredmedia":[{"embeddable":true,"href":"https:\/\/classeducation.com\/en\/wp-json\/wp\/v2\/media\/13187"}],"wp:attachment":[{"href":"https:\/\/classeducation.com\/en\/wp-json\/wp\/v2\/media?parent=13193"}],"wp:term":[{"taxonomy":"product_brand","embeddable":true,"href":"https:\/\/classeducation.com\/en\/wp-json\/wp\/v2\/product_brand?post=13193"},{"taxonomy":"product_cat","embeddable":true,"href":"https:\/\/classeducation.com\/en\/wp-json\/wp\/v2\/product_cat?post=13193"},{"taxonomy":"product_tag","embeddable":true,"href":"https:\/\/classeducation.com\/en\/wp-json\/wp\/v2\/product_tag?post=13193"}],"curies":[{"name":"wp","href":"https:\/\/api.w.org\/{rel}","templated":true}]}}