{"id":13186,"date":"2021-03-08T20:50:55","date_gmt":"2021-03-09T02:50:55","guid":{"rendered":"https:\/\/classeducation.com\/demo\/?post_type=product&#038;p=13186"},"modified":"2022-03-11T18:11:37","modified_gmt":"2022-03-12T00:11:37","slug":"sooke-school","status":"publish","type":"product","link":"https:\/\/classeducation.com\/en\/product\/sooke-school\/","title":{"rendered":"Sooke School"},"content":{"rendered":"<p style=\"text-align: justify;\">The Sooke School District has approximately 11,300 students and serves the communities of Sooke, Port Renfrew, Metchosin, Highlands, Langford, and Colwood.<\/p>\n<p style=\"text-align: left;\">We are a busy school district, and unlike many other districts in our province, we are growing in size! In fact, we anticipate a growth of more than 300 students per year for the next 15 years.<\/p>","protected":false},"excerpt":{"rendered":"<p>El Distrito Escolar de Sooke tiene aproximadamente 11,300 estudiantes y sirve a las comunidades de Sooke, Port Renfrew, Metchosin, Highlands, Langford y Colwood. Rodeado de bosques, oc\u00e9anos, monta\u00f1as y lagos, estamos ubicados a poca distancia de Victoria, la capital de la provincia de Columbia Brit\u00e1nica. Somos un distrito escolar ocupado y, a diferencia de muchos [&hellip;]<\/p>\n","protected":false},"featured_media":13179,"comment_status":"open","ping_status":"closed","template":"","meta":{"_acf_changed":false},"product_brand":[],"product_cat":[48,54],"product_tag":[],"class_list":{"0":"post-13186","1":"product","2":"type-product","3":"status-publish","4":"has-post-thumbnail","6":"product_cat-canada","7":"product_cat-high-school","9":"first","10":"instock","11":"virtual","12":"product-type-simple"},"acf":[],"_links":{"self":[{"href":"https:\/\/classeducation.com\/en\/wp-json\/wp\/v2\/product\/13186","targetHints":{"allow":["GET"]}}],"collection":[{"href":"https:\/\/classeducation.com\/en\/wp-json\/wp\/v2\/product"}],"about":[{"href":"https:\/\/classeducation.com\/en\/wp-json\/wp\/v2\/types\/product"}],"replies":[{"embeddable":true,"href":"https:\/\/classeducation.com\/en\/wp-json\/wp\/v2\/comments?post=13186"}],"wp:featuredmedia":[{"embeddable":true,"href":"https:\/\/classeducation.com\/en\/wp-json\/wp\/v2\/media\/13179"}],"wp:attachment":[{"href":"https:\/\/classeducation.com\/en\/wp-json\/wp\/v2\/media?parent=13186"}],"wp:term":[{"taxonomy":"product_brand","embeddable":true,"href":"https:\/\/classeducation.com\/en\/wp-json\/wp\/v2\/product_brand?post=13186"},{"taxonomy":"product_cat","embeddable":true,"href":"https:\/\/classeducation.com\/en\/wp-json\/wp\/v2\/product_cat?post=13186"},{"taxonomy":"product_tag","embeddable":true,"href":"https:\/\/classeducation.com\/en\/wp-json\/wp\/v2\/product_tag?post=13186"}],"curies":[{"name":"wp","href":"https:\/\/api.w.org\/{rel}","templated":true}]}}