{"id":13172,"date":"2021-03-08T19:45:52","date_gmt":"2021-03-09T01:45:52","guid":{"rendered":"https:\/\/classeducation.com\/demo\/?post_type=product&#038;p=13172"},"modified":"2022-05-16T00:51:09","modified_gmt":"2022-05-16T05:51:09","slug":"vgc-international-college","status":"publish","type":"product","link":"https:\/\/classeducation.com\/en\/product\/vgc-international-college\/","title":{"rendered":"VGC International College"},"content":{"rendered":"<p><strong>VGC International College - School of International Business<\/strong>\u00a0It is located in the historic Gastown district, close to cafes, boutiques and tourist attractions. Spacious on three floors, this charming location features two spacious student lounges with different entertainment options, as well as classrooms with exposed brick walls, giving it an urban character. This campus is also the home of VGC's Student, Academic and Administrative department.<\/p>","protected":false},"excerpt":{"rendered":"<p>VGC International College \u2013 School of International Business\u00a0est\u00e1 situado en el hist\u00f3rico distrito de Gastown, cerca de caf\u00e9s, boutiques y atracciones de inter\u00e9s tur\u00edstico. Espaciosa en tres pisos, esta encantadora ubicaci\u00f3n cuenta con dos amplios salones de estudiantes con diferentes opciones de entretenimiento, as\u00ed como aulas con paredes de ladrillo expuesto, lo que le da [&hellip;]<\/p>\n","protected":false},"featured_media":13162,"comment_status":"open","ping_status":"closed","template":"","meta":{"_acf_changed":false},"product_brand":[],"product_cat":[48,53,55],"product_tag":[],"class_list":{"0":"post-13172","1":"product","2":"type-product","3":"status-publish","4":"has-post-thumbnail","6":"product_cat-canada","7":"product_cat-estudia-y-trabaja","8":"product_cat-idiomas","10":"first","11":"instock","12":"virtual","13":"product-type-simple"},"acf":[],"_links":{"self":[{"href":"https:\/\/classeducation.com\/en\/wp-json\/wp\/v2\/product\/13172","targetHints":{"allow":["GET"]}}],"collection":[{"href":"https:\/\/classeducation.com\/en\/wp-json\/wp\/v2\/product"}],"about":[{"href":"https:\/\/classeducation.com\/en\/wp-json\/wp\/v2\/types\/product"}],"replies":[{"embeddable":true,"href":"https:\/\/classeducation.com\/en\/wp-json\/wp\/v2\/comments?post=13172"}],"wp:featuredmedia":[{"embeddable":true,"href":"https:\/\/classeducation.com\/en\/wp-json\/wp\/v2\/media\/13162"}],"wp:attachment":[{"href":"https:\/\/classeducation.com\/en\/wp-json\/wp\/v2\/media?parent=13172"}],"wp:term":[{"taxonomy":"product_brand","embeddable":true,"href":"https:\/\/classeducation.com\/en\/wp-json\/wp\/v2\/product_brand?post=13172"},{"taxonomy":"product_cat","embeddable":true,"href":"https:\/\/classeducation.com\/en\/wp-json\/wp\/v2\/product_cat?post=13172"},{"taxonomy":"product_tag","embeddable":true,"href":"https:\/\/classeducation.com\/en\/wp-json\/wp\/v2\/product_tag?post=13172"}],"curies":[{"name":"wp","href":"https:\/\/api.w.org\/{rel}","templated":true}]}}