{"id":13161,"date":"2021-03-08T16:06:17","date_gmt":"2021-03-08T22:06:17","guid":{"rendered":"https:\/\/classeducation.com\/demo\/?post_type=product&#038;p=13161"},"modified":"2022-02-23T12:37:55","modified_gmt":"2022-02-23T18:37:55","slug":"ec-london","status":"publish","type":"product","link":"https:\/\/classeducation.com\/en\/product\/ec-london\/","title":{"rendered":"EC London"},"content":{"rendered":"<p style=\"text-align: justify;\"><strong>London, the perfect combination of history, art and industry.<\/strong><br \/>\nEC London is just minutes from the fashionable King\u2019s Cross district and has unbeatable access to all areas of the city. Experience first-class facilities, bright classrooms, and a fantastic atmosphere at this beautiful, modern school.<\/p>\n<p style=\"text-align: left;\">Relax in the green oases of the royal parks or enjoy a cruise on the River Thames to liven up your evenings before exploring the city's incomparable nightlife.<\/p>\n<p style=\"text-align: left;\">London is the number one destination for our English learners and, who knows, it might be the place for you.<\/p>","protected":false},"excerpt":{"rendered":"<p>Londres, la combinaci\u00f3n perfecta de historia, arte e industria. EC London est\u00e1 a pocos minutos del distrito de moda King\u2019s Cross y tiene un acceso inmejorable a todas las \u00e1reas de la ciudad. Experimenta instalaciones de primera clase, aulas luminosas y un ambiente fant\u00e1stico en esta hermosa y moderna escuela. Rel\u00e1jate en los oasis verdes [&hellip;]<\/p>\n","protected":false},"featured_media":13154,"comment_status":"open","ping_status":"closed","template":"","meta":{"_acf_changed":false},"product_brand":[],"product_cat":[55,59],"product_tag":[],"class_list":{"0":"post-13161","1":"product","2":"type-product","3":"status-publish","4":"has-post-thumbnail","6":"product_cat-idiomas","7":"product_cat-reino-unido","9":"first","10":"instock","11":"virtual","12":"product-type-simple"},"acf":[],"_links":{"self":[{"href":"https:\/\/classeducation.com\/en\/wp-json\/wp\/v2\/product\/13161","targetHints":{"allow":["GET"]}}],"collection":[{"href":"https:\/\/classeducation.com\/en\/wp-json\/wp\/v2\/product"}],"about":[{"href":"https:\/\/classeducation.com\/en\/wp-json\/wp\/v2\/types\/product"}],"replies":[{"embeddable":true,"href":"https:\/\/classeducation.com\/en\/wp-json\/wp\/v2\/comments?post=13161"}],"wp:featuredmedia":[{"embeddable":true,"href":"https:\/\/classeducation.com\/en\/wp-json\/wp\/v2\/media\/13154"}],"wp:attachment":[{"href":"https:\/\/classeducation.com\/en\/wp-json\/wp\/v2\/media?parent=13161"}],"wp:term":[{"taxonomy":"product_brand","embeddable":true,"href":"https:\/\/classeducation.com\/en\/wp-json\/wp\/v2\/product_brand?post=13161"},{"taxonomy":"product_cat","embeddable":true,"href":"https:\/\/classeducation.com\/en\/wp-json\/wp\/v2\/product_cat?post=13161"},{"taxonomy":"product_tag","embeddable":true,"href":"https:\/\/classeducation.com\/en\/wp-json\/wp\/v2\/product_tag?post=13161"}],"curies":[{"name":"wp","href":"https:\/\/api.w.org\/{rel}","templated":true}]}}