{"id":13152,"date":"2021-03-08T13:01:59","date_gmt":"2021-03-08T19:01:59","guid":{"rendered":"https:\/\/classeducation.com\/demo\/?post_type=product&#038;p=13152"},"modified":"2022-08-11T16:15:39","modified_gmt":"2022-08-11T21:15:39","slug":"ec-malta-30","status":"publish","type":"product","link":"https:\/\/classeducation.com\/en\/product\/ec-malta-30\/","title":{"rendered":"EC Malta"},"content":{"rendered":"<p style=\"text-align: justify;\">This unique school is exclusive for those 30 and over who want to share their EC experience with more mature and like-minded students on the beautiful Mediterranean island of Malta.<\/p>\n<p style=\"text-align: left;\">Learn English in Malta, a charming and friendly country boasting three UNESCO World Heritage sites, a lively nightlife and sunny days that will make this EC experience one you will remember for years to come.<\/p>","protected":false},"excerpt":{"rendered":"<p>Esta escuela \u00fanica es exclusiva para aquellos de 30 a\u00f1os y m\u00e1s que quieran compartir su experiencia EC con estudiantes m\u00e1s maduros y de ideas afines en la hermosa isla mediterr\u00e1nea de Malta. Aprenda ingl\u00e9s en Malta, un pa\u00eds encantador y amigable que cuenta con tres sitios del Patrimonio Mundial de la UNESCO, una animada [&hellip;]<\/p>\n","protected":false},"featured_media":13133,"comment_status":"open","ping_status":"closed","template":"","meta":{"_acf_changed":false},"product_brand":[],"product_cat":[55,60],"product_tag":[],"class_list":{"0":"post-13152","1":"product","2":"type-product","3":"status-publish","4":"has-post-thumbnail","6":"product_cat-idiomas","7":"product_cat-malta","9":"first","10":"instock","11":"virtual","12":"product-type-simple"},"acf":[],"_links":{"self":[{"href":"https:\/\/classeducation.com\/en\/wp-json\/wp\/v2\/product\/13152","targetHints":{"allow":["GET"]}}],"collection":[{"href":"https:\/\/classeducation.com\/en\/wp-json\/wp\/v2\/product"}],"about":[{"href":"https:\/\/classeducation.com\/en\/wp-json\/wp\/v2\/types\/product"}],"replies":[{"embeddable":true,"href":"https:\/\/classeducation.com\/en\/wp-json\/wp\/v2\/comments?post=13152"}],"wp:featuredmedia":[{"embeddable":true,"href":"https:\/\/classeducation.com\/en\/wp-json\/wp\/v2\/media\/13133"}],"wp:attachment":[{"href":"https:\/\/classeducation.com\/en\/wp-json\/wp\/v2\/media?parent=13152"}],"wp:term":[{"taxonomy":"product_brand","embeddable":true,"href":"https:\/\/classeducation.com\/en\/wp-json\/wp\/v2\/product_brand?post=13152"},{"taxonomy":"product_cat","embeddable":true,"href":"https:\/\/classeducation.com\/en\/wp-json\/wp\/v2\/product_cat?post=13152"},{"taxonomy":"product_tag","embeddable":true,"href":"https:\/\/classeducation.com\/en\/wp-json\/wp\/v2\/product_tag?post=13152"}],"curies":[{"name":"wp","href":"https:\/\/api.w.org\/{rel}","templated":true}]}}