{"id":13132,"date":"2021-03-08T12:21:30","date_gmt":"2021-03-08T18:21:30","guid":{"rendered":"https:\/\/classeducation.com\/demo\/?post_type=product&#038;p=13132"},"modified":"2022-02-23T12:37:54","modified_gmt":"2022-02-23T18:37:54","slug":"ec-sidney","status":"publish","type":"product","link":"https:\/\/classeducation.com\/en\/product\/ec-sidney\/","title":{"rendered":"EC Sidney"},"content":{"rendered":"<p>Stunning natural landscapes, a pleasant climate, cosmopolitan cities and beautiful beaches make Australia an excellent choice for a short English course or a longer academic program. Learn English in Australia, improve your speaking skills and enjoy life in this amazing country.<br \/>\nEnjoy the iconic Sydney Opera House and Sydney Harbor Bridge Visit famous beaches like Bondi, Coogee and Manly Beach to improve your surfing skills.<br \/>\nExplore the country's rich history at the Hyde Park Barracks Museum and the Art Gallery of New South Wales.<br \/>\nEnjoy relaxing walks through the Royal Botanical Garden.<\/p>","protected":false},"excerpt":{"rendered":"<p>Impresionantes paisajes naturales, un clima agradable, ciudades cosmopolitas y hermosas playas hacen de Australia una excelente opci\u00f3n para un breve curso de ingl\u00e9s o un programa acad\u00e9mico m\u00e1s largo. Aprende ingl\u00e9s en Australia, mejora tus habilidades para hablar y disfruta de la vida en este incre\u00edble pa\u00eds. Disfruta de la emblem\u00e1tica \u00d3pera de S\u00eddney y [&hellip;]<\/p>\n","protected":false},"featured_media":13120,"comment_status":"open","ping_status":"closed","template":"","meta":{"_acf_changed":false},"product_brand":[],"product_cat":[62,55],"product_tag":[],"class_list":{"0":"post-13132","1":"product","2":"type-product","3":"status-publish","4":"has-post-thumbnail","6":"product_cat-australia","7":"product_cat-idiomas","9":"first","10":"instock","11":"virtual","12":"product-type-simple"},"acf":[],"_links":{"self":[{"href":"https:\/\/classeducation.com\/en\/wp-json\/wp\/v2\/product\/13132","targetHints":{"allow":["GET"]}}],"collection":[{"href":"https:\/\/classeducation.com\/en\/wp-json\/wp\/v2\/product"}],"about":[{"href":"https:\/\/classeducation.com\/en\/wp-json\/wp\/v2\/types\/product"}],"replies":[{"embeddable":true,"href":"https:\/\/classeducation.com\/en\/wp-json\/wp\/v2\/comments?post=13132"}],"wp:featuredmedia":[{"embeddable":true,"href":"https:\/\/classeducation.com\/en\/wp-json\/wp\/v2\/media\/13120"}],"wp:attachment":[{"href":"https:\/\/classeducation.com\/en\/wp-json\/wp\/v2\/media?parent=13132"}],"wp:term":[{"taxonomy":"product_brand","embeddable":true,"href":"https:\/\/classeducation.com\/en\/wp-json\/wp\/v2\/product_brand?post=13132"},{"taxonomy":"product_cat","embeddable":true,"href":"https:\/\/classeducation.com\/en\/wp-json\/wp\/v2\/product_cat?post=13132"},{"taxonomy":"product_tag","embeddable":true,"href":"https:\/\/classeducation.com\/en\/wp-json\/wp\/v2\/product_tag?post=13132"}],"curies":[{"name":"wp","href":"https:\/\/api.w.org\/{rel}","templated":true}]}}