{"id":13117,"date":"2021-03-08T11:59:01","date_gmt":"2021-03-08T17:59:01","guid":{"rendered":"https:\/\/classeducation.com\/demo\/?post_type=product&#038;p=13117"},"modified":"2022-02-23T12:37:54","modified_gmt":"2022-02-23T18:37:54","slug":"ec-dublin","status":"publish","type":"product","link":"https:\/\/classeducation.com\/en\/product\/ec-dublin\/","title":{"rendered":"EC Dubl\u00edn"},"content":{"rendered":"<p>Learn English in Dublin, the small capital of Ireland, full of character, culture and entertainment. Dublin is famous for its relaxed, laid-back atmosphere and friendly, fun people. Dublin should be your choice if you are looking to learn in a lively place, with a young population, where it is easy to talk to people and there is always something to do. Our English school has state-of-the-art facilities to help you learn and is located close to the best attractions in the city with convenient access to public transport.<\/p>","protected":false},"excerpt":{"rendered":"<p>Aprende ingl\u00e9s en Dubl\u00edn, la peque\u00f1a capital de Irlanda, llena de car\u00e1cter, cultura y entretenimiento. Dubl\u00edn es famoso por su ambiente relajado y tranquilo y su gente amable y divertida. Dubl\u00edn deber\u00eda ser su elecci\u00f3n si est\u00e1 buscando aprender en un lugar animado, con una poblaci\u00f3n joven, donde es f\u00e1cil hablar con la gente y [&hellip;]<\/p>\n","protected":false},"featured_media":13116,"comment_status":"open","ping_status":"closed","template":"","meta":{"_acf_changed":false},"product_brand":[],"product_cat":[55,61],"product_tag":[],"class_list":{"0":"post-13117","1":"product","2":"type-product","3":"status-publish","4":"has-post-thumbnail","6":"product_cat-idiomas","7":"product_cat-irlanda","9":"first","10":"instock","11":"virtual","12":"product-type-simple"},"acf":[],"_links":{"self":[{"href":"https:\/\/classeducation.com\/en\/wp-json\/wp\/v2\/product\/13117","targetHints":{"allow":["GET"]}}],"collection":[{"href":"https:\/\/classeducation.com\/en\/wp-json\/wp\/v2\/product"}],"about":[{"href":"https:\/\/classeducation.com\/en\/wp-json\/wp\/v2\/types\/product"}],"replies":[{"embeddable":true,"href":"https:\/\/classeducation.com\/en\/wp-json\/wp\/v2\/comments?post=13117"}],"wp:featuredmedia":[{"embeddable":true,"href":"https:\/\/classeducation.com\/en\/wp-json\/wp\/v2\/media\/13116"}],"wp:attachment":[{"href":"https:\/\/classeducation.com\/en\/wp-json\/wp\/v2\/media?parent=13117"}],"wp:term":[{"taxonomy":"product_brand","embeddable":true,"href":"https:\/\/classeducation.com\/en\/wp-json\/wp\/v2\/product_brand?post=13117"},{"taxonomy":"product_cat","embeddable":true,"href":"https:\/\/classeducation.com\/en\/wp-json\/wp\/v2\/product_cat?post=13117"},{"taxonomy":"product_tag","embeddable":true,"href":"https:\/\/classeducation.com\/en\/wp-json\/wp\/v2\/product_tag?post=13117"}],"curies":[{"name":"wp","href":"https:\/\/api.w.org\/{rel}","templated":true}]}}