{"id":13098,"date":"2021-03-08T10:42:17","date_gmt":"2021-03-08T16:42:17","guid":{"rendered":"https:\/\/classeducation.com\/demo\/?post_type=product&#038;p=13098"},"modified":"2022-03-11T17:09:20","modified_gmt":"2022-03-11T23:09:20","slug":"tamwood-careers-college","status":"publish","type":"product","link":"https:\/\/classeducation.com\/en\/product\/tamwood-careers-college\/","title":{"rendered":"Tamwood Careers College"},"content":{"rendered":"<p>Enroll in a work-study program at\u00a0<strong>Tamwood Careers College<\/strong>\u00a0to gain valuable skills and experience that will prepare you for work in today's global workplace. Wherever you choose to go in life, Tamwood helps you get there. With the guidance of our trained staff and coaches, you will learn new skills, expand existing skills, discover talents you didn't know you had, and forever transform you in wonderful ways you can hardly imagine. Life becomes more global, more exciting, and more competitive every day.<\/p>","protected":false},"excerpt":{"rendered":"<p>Inscr\u00edbete en un programa de estudio y trabajo en\u00a0Tamwood Careers College\u00a0para obtener valiosas habilidades y experiencia que te preparar\u00e1n para el trabajo en el lugar de trabajo global de hoy. Donde quiera que elijas ir en la vida, Tamwood te ayuda a llegar all\u00ed. Con la gu\u00eda de nuestro personal capacitado y entrenadores, aprender\u00e1s nuevas [&hellip;]<\/p>\n","protected":false},"featured_media":13099,"comment_status":"open","ping_status":"closed","template":"","meta":{"_acf_changed":false},"product_brand":[],"product_cat":[48,53],"product_tag":[],"class_list":{"0":"post-13098","1":"product","2":"type-product","3":"status-publish","4":"has-post-thumbnail","6":"product_cat-canada","7":"product_cat-estudia-y-trabaja","9":"first","10":"instock","11":"virtual","12":"product-type-simple"},"acf":[],"_links":{"self":[{"href":"https:\/\/classeducation.com\/en\/wp-json\/wp\/v2\/product\/13098","targetHints":{"allow":["GET"]}}],"collection":[{"href":"https:\/\/classeducation.com\/en\/wp-json\/wp\/v2\/product"}],"about":[{"href":"https:\/\/classeducation.com\/en\/wp-json\/wp\/v2\/types\/product"}],"replies":[{"embeddable":true,"href":"https:\/\/classeducation.com\/en\/wp-json\/wp\/v2\/comments?post=13098"}],"wp:featuredmedia":[{"embeddable":true,"href":"https:\/\/classeducation.com\/en\/wp-json\/wp\/v2\/media\/13099"}],"wp:attachment":[{"href":"https:\/\/classeducation.com\/en\/wp-json\/wp\/v2\/media?parent=13098"}],"wp:term":[{"taxonomy":"product_brand","embeddable":true,"href":"https:\/\/classeducation.com\/en\/wp-json\/wp\/v2\/product_brand?post=13098"},{"taxonomy":"product_cat","embeddable":true,"href":"https:\/\/classeducation.com\/en\/wp-json\/wp\/v2\/product_cat?post=13098"},{"taxonomy":"product_tag","embeddable":true,"href":"https:\/\/classeducation.com\/en\/wp-json\/wp\/v2\/product_tag?post=13098"}],"curies":[{"name":"wp","href":"https:\/\/api.w.org\/{rel}","templated":true}]}}