{"id":3,"date":"2021-02-22T17:32:47","date_gmt":"2021-02-22T23:32:47","guid":{"rendered":"https:\/\/classeducation.com\/demo\/?page_id=3"},"modified":"2022-08-02T12:07:38","modified_gmt":"2022-08-02T17:07:38","slug":"privacy-policy","status":"publish","type":"page","link":"https:\/\/classeducation.com\/en\/privacy-policy\/","title":{"rendered":"Notice of Privacy"},"content":{"rendered":"<div data-elementor-type=\"wp-page\" data-elementor-id=\"3\" class=\"elementor elementor-3\" data-elementor-post-type=\"page\">\n\t\t\t\t\t\t<section data-particle_enable=\"false\" data-particle-mobile-disabled=\"false\" class=\"elementor-section elementor-top-section elementor-element elementor-element-d546f4c elementor-section-height-min-height elementor-section-boxed elementor-section-height-default elementor-section-items-middle\" data-id=\"d546f4c\" data-element_type=\"section\" data-e-type=\"section\" data-settings=\"{&quot;background_background&quot;:&quot;classic&quot;}\">\n\t\t\t\t\t\t\t<div class=\"elementor-background-overlay\"><\/div>\n\t\t\t\t\t\t\t<div class=\"elementor-container elementor-column-gap-default\">\n\t\t\t\t\t<div class=\"elementor-column elementor-col-100 elementor-top-column elementor-element elementor-element-3a75cfe\" data-id=\"3a75cfe\" data-element_type=\"column\" data-e-type=\"column\">\n\t\t\t<div class=\"elementor-widget-wrap elementor-element-populated\">\n\t\t\t\t\t\t<div class=\"elementor-element elementor-element-efbd900 shadow elementor-widget elementor-widget-text-editor\" data-id=\"efbd900\" data-element_type=\"widget\" data-e-type=\"widget\" data-widget_type=\"text-editor.default\">\n\t\t\t\t<div class=\"elementor-widget-container\">\n\t\t\t\t\t\t\t\t\t<p>Notice of Privacy<\/p>\t\t\t\t\t\t\t\t<\/div>\n\t\t\t\t<\/div>\n\t\t\t\t\t<\/div>\n\t\t<\/div>\n\t\t\t\t\t<\/div>\n\t\t<\/section>\n\t\t\t\t<section data-particle_enable=\"false\" data-particle-mobile-disabled=\"false\" class=\"elementor-section elementor-top-section elementor-element elementor-element-fe126a1 elementor-section-boxed elementor-section-height-default elementor-section-height-default\" data-id=\"fe126a1\" data-element_type=\"section\" data-e-type=\"section\">\n\t\t\t\t\t\t<div class=\"elementor-container elementor-column-gap-default\">\n\t\t\t\t\t<div class=\"elementor-column elementor-col-100 elementor-top-column elementor-element elementor-element-96202c7\" data-id=\"96202c7\" data-element_type=\"column\" data-e-type=\"column\">\n\t\t\t<div class=\"elementor-widget-wrap elementor-element-populated\">\n\t\t\t\t\t\t<div class=\"elementor-element elementor-element-2acb368 elementor-widget elementor-widget-text-editor\" data-id=\"2acb368\" data-element_type=\"widget\" data-e-type=\"widget\" data-widget_type=\"text-editor.default\">\n\t\t\t\t<div class=\"elementor-widget-container\">\n\t\t\t\t\t\t\t\t\t<strong>Identity and Address of the Responsible.<\/strong><strong>\n<\/strong>Class Consulting, S.C. (en adelante CLASS Education), con domicilio en calle\u00a0C. Ometusco 35, Hip\u00f3dromo, Cuauht\u00e9moc, 06100 CDMX a trav\u00e9s de su Oficial de Privacidad, y en t\u00e9rminos de lo dispuesto por la Ley Federal de Protecci\u00f3n de Datos Personales en posesi\u00f3n de los particulares y su Reglamento, extiende el presente Aviso de Privacidad con motivo del tratamiento de los datos personales que recabe o pueda recabar como consecuencia del inter\u00e9s en que usted sea nuestro cliente.\n\n<strong>About the Personal Data that we collect or may collect.<\/strong>\nEn CLASS Education, nos importa tener una relaci\u00f3n cercana y activa con nuestros clientes; por lo que derivado de su inter\u00e9s en nuestros servicios recabaremos o podemos recabar los siguientes datos personales: nombre, tel\u00e9fono de contacto, correo electr\u00f3nico, programa ofrecido por CLASS Education que sea de su inter\u00e9s.\n\nHacemos de su conocimiento que trataremos y resguardaremos sus datos personales con base en los principios de licitud, calidad, consentimiento, informaci\u00f3n, finalidad, lealtad, proporcionalidad y responsabilidad, consagrados en la Ley Federal de Protecci\u00f3n de Datos Personales en Posesi\u00f3n de los Particulares y su Reglamento.\n\n<strong>Purposes of the processing of your Personal Data.<\/strong>\n\nTrataremos los datos personales descritos en el p\u00e1rrafo que antecede, para las siguientes finalidades:\n\na) \u00a0Tenerlo registrado como nuestro cliente o cliente prospecto.\nb) \u00a0Poder contactarlo con informaci\u00f3n relevante respecto de nuestros servicios.\nc) \u00a0Poderle proporcionar mayor informaci\u00f3n respecto del programa que haya sido de su inter\u00e9s.\nd) \u00a0Tener los datos suficientes para poder agendar con usted una cita informativa respecto de nuestros servicios.\ne) \u00a0Personalizar la informaci\u00f3n sobre los servicios que pudieran ser m\u00e1s adecuados a sus necesidades.\n\n<strong>Options and means to limit the use and \/ or disclosure of your Personal Data.<\/strong>\nEn Class Education tenemos el compromiso de resguardar sus datos personales bajo estrictas medidas de seguridad administrativas, t\u00e9cnicas y f\u00edsicas las cuales han sido implementadas con el objeto de protegerlos contra da\u00f1o, p\u00e9rdida, alteraci\u00f3n, destrucci\u00f3n, uso, acceso o tratamiento no autorizados.\n\nEn caso de que desee limitar total o parcialmente los Datos Personales que nos proporcione, puede hacerlo de manera gratuita, mediante el formato al que hace referencia el punto inmediato siguiente.\n\na) En este caso deber\u00e1 enviar un correo electr\u00f3nico a la siguiente direcci\u00f3n info@classeducation.com indicando en el \u201cAsunto\u201d \u201cLimitaci\u00f3n de Uso o Divulgaci\u00f3n\u201d, por favor en el mensaje incluya su nombre completo, domicilio y un tel\u00e9fono donde se le pueda localizar, lo anterior a fin de hacerle llegar el formato de solicitud respectivo.\n\n<strong>INTEGRAL PRIVACY NOTICE CUSTOMERS<\/strong>\n\na) \u00a0Deber\u00e1 enviar junto con el formato copia de su identificaci\u00f3n oficial con fotograf\u00eda vigente, y adicionalmente en caso de ser apoderado del titular una copia de la escritura p\u00fablica o carta poder otorgada ante dos testigos, donde consten sus facultades para actuar en nombre del titular. (Podr\u00e1 requer\u00edrsele el original de dichos documentos para su cotejo al momento de entregar la respuesta respectiva y hacerla efectiva)\n\nb) \u00a0El Oficial de Privacidad deber\u00e1 responder a su solicitud dentro de los veinte d\u00edas h\u00e1biles posteriores a la fecha en que reciba el correo electr\u00f3nico con el formato debidamente requisitado y la documentaci\u00f3n solicitada.\n\nc) \u00a0El Oficial de Privacidad tendr\u00e1 quince d\u00edas h\u00e1biles posteriores a que se haya comunicado la respuesta a su solicitud para hacer efectiva la respuesta debiendo hacerlo del conocimiento del titular.\n\nd) \u00a0Siempre y cuando no exista obligaci\u00f3n legal alguna que impida la procedencia de la limitaci\u00f3n, usted ser\u00e1 incluido en nuestro listado de exclusi\u00f3n y no trataremos sus Datos Personales para dichas finalidades, salvo que usted nos lo solicite por escrito.\n\nPara mayor informaci\u00f3n, favor de comunicarse al tel\u00e9fono (55) 5523 2922 o al correo electr\u00f3nico info@classeducation.com\n\nMedios para ejercer los derechos de Acceso, Rectificaci\u00f3n, Cancelaci\u00f3n y Oposici\u00f3n establecidos en la Ley Federal de Protecci\u00f3n de Datos Personales en Posesi\u00f3n de los Particulares.\nUsted puede ejercer sus derechos de Acceso, Rectificaci\u00f3n, Cancelaci\u00f3n u Oposici\u00f3n de sus Datos Personales, com\u00fanmente denominados derechos (ARCO) en cualquier momento, a trav\u00e9s de los\n\nformatos que usted puede solicitar al siguiente correo electr\u00f3nico: contacto@classeducation.com, o bien solicit\u00e1ndolo v\u00eda telef\u00f3nica a nuestro Oficial de Privacidad al tel\u00e9fono (55) 5523 2922, usted podr\u00e1 consultar el procedimiento para ejercer cualquiera de estos derechos en el instructivo que incluye el formato que le ser\u00e1 entregado para tales efectos.\n\nModificaciones al presente Aviso de Privacidad.\n\nEn caso que fuera necesario hacer modificaciones al presente Aviso de Privacidad, Class Education lo har\u00e1 de su conocimiento mediante el env\u00edo de un correo electr\u00f3nico a la cuenta que usted nos haya proporcionado. No obstante lo anterior, en caso de cualquier duda, usted podr\u00e1 consultar en todo momento el Aviso de Privacidad vigente en el sitio web: http:\/\/classeducation.com\/\n\nInformaci\u00f3n sobre el uso de cookies y web beacons.\n\nLas cookies son archivos de texto que son descargados autom\u00e1ticamente y almacenados en disco duro del equipo de c\u00f3mputo del usuario al navegar en una p\u00e1gina de Internet espec\u00edfica, que permiten recordar al servidor de Internet algunos datos sobre este usuario, entre ellos, preferencias para la visualizaci\u00f3n de las p\u00e1ginas de ese servidor, nombre y contrase\u00f1a.\n\nPor su parte, las web beacons son im\u00e1genes insertadas en una p\u00e1gina de internet o correo electr\u00f3nico, que puede ser utilizado para monitorear el comportamiento de un visitante, como almacenar informaci\u00f3n sobre la direcci\u00f3n IP del usuario, duraci\u00f3n del tiempo de interacci\u00f3n en dicha p\u00e1gina y el tipo de navegador utilizado entre otros.\n\nLe informamos que utilizamos cookies y web beacons para obtener informaci\u00f3n personal de usted como la siguiente: tipo de navegador y sistema operativo; las p\u00e1ginas web que visita; los v\u00ednculos que sigue; direcci\u00f3n IP; sitio web que visit\u00f3 antes del nuestro.\n\n<strong>INTEGRAL PRIVACY NOTICE CUSTOMERS<\/strong>\n\nEstas cookies y otras tecnolog\u00edas pueden ser deshabilitadas. Para conocer c\u00f3mo hacerlo, consulte el manual de su navegador o comun\u00edquese con su proveedor de servicio.\n\nATENTAMENTE\nCLASS Education\t\t\t\t\t\t\t\t<\/div>\n\t\t\t\t<\/div>\n\t\t\t\t\t<\/div>\n\t\t<\/div>\n\t\t\t\t\t<\/div>\n\t\t<\/section>\n\t\t\t\t<\/div>","protected":false},"excerpt":{"rendered":"<p>Aviso de Privacidad Identidad y Domicilio del Responsable. Class Consulting, S.C. (en adelante CLASS Education), con domicilio en calle\u00a0C. Ometusco 35, Hip\u00f3dromo, Cuauht\u00e9moc, 06100 CDMX a trav\u00e9s de su Oficial de Privacidad, y en t\u00e9rminos de lo dispuesto por la Ley Federal de Protecci\u00f3n de Datos Personales en posesi\u00f3n de los particulares y su Reglamento, [&hellip;]<\/p>\n","protected":false},"author":163,"featured_media":0,"parent":0,"menu_order":0,"comment_status":"closed","ping_status":"closed","template":"","meta":{"_acf_changed":false,"footnotes":""},"class_list":["post-3","page","type-page","status-publish","hentry"],"acf":[],"_links":{"self":[{"href":"https:\/\/classeducation.com\/en\/wp-json\/wp\/v2\/pages\/3","targetHints":{"allow":["GET"]}}],"collection":[{"href":"https:\/\/classeducation.com\/en\/wp-json\/wp\/v2\/pages"}],"about":[{"href":"https:\/\/classeducation.com\/en\/wp-json\/wp\/v2\/types\/page"}],"author":[{"embeddable":true,"href":"https:\/\/classeducation.com\/en\/wp-json\/wp\/v2\/users\/163"}],"replies":[{"embeddable":true,"href":"https:\/\/classeducation.com\/en\/wp-json\/wp\/v2\/comments?post=3"}],"version-history":[{"count":17,"href":"https:\/\/classeducation.com\/en\/wp-json\/wp\/v2\/pages\/3\/revisions"}],"predecessor-version":[{"id":17709,"href":"https:\/\/classeducation.com\/en\/wp-json\/wp\/v2\/pages\/3\/revisions\/17709"}],"wp:attachment":[{"href":"https:\/\/classeducation.com\/en\/wp-json\/wp\/v2\/media?parent=3"}],"curies":[{"name":"wp","href":"https:\/\/api.w.org\/{rel}","templated":true}]}}