{"id":18940,"date":"2026-05-10T17:20:28","date_gmt":"2026-05-10T22:20:28","guid":{"rendered":"https:\/\/classeducation.com\/?page_id=18940"},"modified":"2026-05-10T18:48:27","modified_gmt":"2026-05-10T23:48:27","slug":"campamentos","status":"publish","type":"page","link":"https:\/\/classeducation.com\/en\/campamentos\/","title":{"rendered":"Camps"},"content":{"rendered":"\t\t<div data-elementor-type=\"wp-page\" data-elementor-id=\"18940\" class=\"elementor elementor-18940\" data-elementor-post-type=\"page\">\n\t\t\t\t\t\t<section data-particle_enable=\"false\" data-particle-mobile-disabled=\"false\" class=\"elementor-section elementor-top-section elementor-element elementor-element-17a30ec elementor-section-full_width elementor-section-height-default elementor-section-height-default\" data-id=\"17a30ec\" data-element_type=\"section\" data-e-type=\"section\">\n\t\t\t\t\t\t<div class=\"elementor-container elementor-column-gap-default\">\n\t\t\t\t\t<div class=\"elementor-column elementor-col-100 elementor-top-column elementor-element elementor-element-9265160\" data-id=\"9265160\" data-element_type=\"column\" data-e-type=\"column\">\n\t\t\t<div class=\"elementor-widget-wrap elementor-element-populated\">\n\t\t\t\t\t\t<div class=\"elementor-element elementor-element-5dbb7fd elementor-widget__width-inherit elementor-widget elementor-widget-html\" data-id=\"5dbb7fd\" data-element_type=\"widget\" data-e-type=\"widget\" data-widget_type=\"html.default\">\n\t\t\t\t<div class=\"elementor-widget-container\">\n\t\t\t\t\t  <script src=\"https:\/\/cdn.tailwindcss.com\"><\/script>\n  <style>\n    * {\n      scroll-behavior: smooth;\n    }\n  <\/style>\n  <script>\n    tailwind.config = {\n      theme: {\n        extend: {\n          colors: {\n            classRed: '#D71920',\n            classRedDark: '#A31218',\n            classRose: '#FDEDEE',\n            classBurgundy: '#7F1D1D',\n            classBlush: '#FFF6F6',\n            classCta: '#D71920',\n            classInk: '#1B1B1D'\n          },\n          fontFamily: {\n            heading: ['Sora', 'sans-serif'],\n            body: ['Nunito Sans', 'sans-serif']\n          },\n          boxShadow: {\n            soft: '0 15px 40px rgba(16, 35, 58, 0.12)'\n          }\n        }\n      }\n    };\n  <\/script>\n  <link rel=\"preconnect\" href=\"https:\/\/fonts.googleapis.com\">\n  <link rel=\"preconnect\" href=\"https:\/\/fonts.gstatic.com\" crossorigin>\n  <link\n    href=\"https:\/\/fonts.googleapis.com\/css2?family=Nunito+Sans:wght@400;600;700;800&family=Sora:wght@600;700;800&display=swap\"\n    rel=\"stylesheet\">\n<\/head>\n\n<body class=\"font-body text-classInk bg-white\">\n  <header class=\"relative overflow-hidden bg-classBurgundy text-white\">\n    <div\n      class=\"absolute inset-0 bg-[radial-gradient(circle_at_top_right,_rgba(255,255,255,.16),transparent_35%),radial-gradient(circle_at_bottom_left,_rgba(215,25,32,.22),transparent_45%)]\">\n    <\/div>\n    <div class=\"relative mx-auto max-w-6xl px-6 pb-16 pt-8 md:pb-24 md:pt-12\">\n      <div class=\"flex items-center justify-between\">\n        <p class=\"font-heading text-xl tracking-tight\">Campamentos <span class=\"text-rose-100\">by CLASS Education<\/span>\n        <\/p>\n        <a href=\"#asesoria\"\n          class=\"rounded-full border border-white\/35 bg-white\/10 px-5 py-2 text-sm font-bold transition hover:bg-white\/20\">Agenda\n          asesor\u00eda<\/a>\n      <\/div>\n\n      <div class=\"mt-10 grid items-center gap-10 md:mt-14 md:grid-cols-2\">\n        <div>\n          <p class=\"inline-flex rounded-full bg-white\/20 px-4 py-1 text-sm font-bold text-white\">Salidas grupales\n            para j\u00f3venes de 7 a 17 a\u00f1os<\/p>\n          <h1 class=\"mt-5 font-heading text-4xl leading-tight md:text-5xl\">Campamentos de Verano en el Extranjero<\/h1>\n          <p class=\"mt-4 text-lg text-slate-100\">Una experiencia segura que impulsa el crecimiento de tu hijo.<\/p>\n          <p class=\"mt-4 text-slate-200\">Cada verano, miles de j\u00f3venes viajan al extranjero para vivir una experiencia\n            que combina aprendizaje, cultura y desarrollo personal.<\/p>\n\n          <ul class=\"mt-6 space-y-3 text-slate-100\">\n            <li class=\"flex gap-3\"><span class=\"mt-1 h-2.5 w-2.5 rounded-full bg-white\"><\/span>Practiquen un nuevo\n              idioma<\/li>\n            <li class=\"flex gap-3\"><span class=\"mt-1 h-2.5 w-2.5 rounded-full bg-white\"><\/span>Conozcan amigos de\n              diferentes pa\u00edses<\/li>\n            <li class=\"flex gap-3\"><span class=\"mt-1 h-2.5 w-2.5 rounded-full bg-white\"><\/span>Desarrollen\n              independencia y confianza<\/li>\n            <li class=\"flex gap-3\"><span class=\"mt-1 h-2.5 w-2.5 rounded-full bg-white\"><\/span>Aprendan dentro y\n              fuera del sal\u00f3n de clases<\/li>\n          <\/ul>\n\n          <div class=\"mt-8 flex flex-wrap gap-3\">\n            <a href=\"#asesoria\"\n              class=\"rounded-full bg-classCta px-7 py-3 font-bold text-white shadow-soft transition hover:brightness-95\">Quiero\n              asesor\u00eda gratuita<\/a>\n            <a href=\"#vancouver\"\n              class=\"rounded-full border border-white\/45 px-7 py-3 font-bold text-white transition hover:bg-white\/10\">Ver\n              programa Vancouver<\/a>\n          <\/div>\n        <\/div>\n\n        <div class=\"relative\">\n          <img decoding=\"async\" src=\"https:\/\/classeducation.com\/wp-content\/uploads\/2026\/05\/camp.jpg\"\n            alt=\"J\u00f3venes en campamento internacional\" class=\"h-[430px] w-full rounded-3xl object-cover shadow-soft\">\n          <div class=\"absolute -bottom-6 -left-6 rounded-2xl bg-white p-5 text-classInk shadow-soft\">\n            <p class=\"text-xs font-bold uppercase tracking-widest text-classRed\">Experiencia CLASS<\/p>\n            <p class=\"mt-1 text-2xl font-heading\">+11,000 estudiantes<\/p>\n            <p class=\"text-sm text-slate-600\">guiados en experiencias internacionales<\/p>\n          <\/div>\n        <\/div>\n      <\/div>\n    <\/div>\n  <\/header>\n\n  <section class=\"mx-auto max-w-6xl px-6 py-14 md:py-20\">\n    <div class=\"grid gap-8 md:grid-cols-[1.1fr_.9fr] md:items-center\">\n      <div>\n        <h2 class=\"font-heading text-3xl text-classRedDark\">\u00bfSer\u00e1 seguro enviar a mi hijo al extranjero?<\/h2>\n        <p class=\"mt-4 text-lg\">En CLASS Education entendemos perfectamente esta preocupaci\u00f3n. Por eso, nuestro enfoque\n          principal siempre ha sido la seguridad, acompa\u00f1amiento y bienestar de cada estudiante.<\/p>\n        <p class=\"mt-4 text-lg\">Con m\u00e1s de <strong>30 a\u00f1os de experiencia<\/strong> y <strong>+11,000 estudiantes\n            guiados<\/strong>, ayudamos a familias a vivir experiencias internacionales seguras, organizadas y sin\n          estr\u00e9s.<\/p>\n      <\/div>\n      <img decoding=\"async\" src=\"https:\/\/classeducation.com\/wp-content\/uploads\/2026\/05\/family.jpg\"\n        alt=\"Padres con tranquilidad mientras su hijo viaja\" class=\"h-80 w-full rounded-3xl object-cover shadow-soft\" \/>\n    <\/div>\n  <\/section>\n\n  <section class=\"bg-white py-14 md:py-20\">\n    <div class=\"mx-auto max-w-6xl px-6\">\n      <h2 class=\"font-heading text-3xl text-classRedDark\">Seguridad y acompa\u00f1amiento en cada etapa<\/h2>\n      <p class=\"mt-3 text-lg\">Cuando tu hijo viaja con CLASS Education, no viaja solo.<\/p>\n      <div class=\"mt-8 grid gap-5 sm:grid-cols-2 lg:grid-cols-3\">\n        <article class=\"rounded-2xl border border-slate-200 p-5\">\n          <h3 class=\"font-heading text-lg\">Programas seleccionados<\/h3>\n          <p class=\"mt-2 text-slate-700\">Programas cuidadosamente seleccionados para cada edad.<\/p>\n        <\/article>\n        <article class=\"rounded-2xl border border-slate-200 p-5\">\n          <h3 class=\"font-heading text-lg\">Supervisi\u00f3n constante<\/h3>\n          <p class=\"mt-2 text-slate-700\">Seguimiento durante toda la estancia.<\/p>\n        <\/article>\n        <article class=\"rounded-2xl border border-slate-200 p-5\">\n          <h3 class=\"font-heading text-lg\">Alojamiento verificado<\/h3>\n          <p class=\"mt-2 text-slate-700\">Hospedaje seguro validado por el equipo.<\/p>\n        <\/article>\n        <article class=\"rounded-2xl border border-slate-200 p-5\">\n          <h3 class=\"font-heading text-lg\">Viaje en grupo desde M\u00e9xico<\/h3>\n          <p class=\"mt-2 text-slate-700\">Salidas organizadas con log\u00edstica clara.<\/p>\n        <\/article>\n        <article class=\"rounded-2xl border border-slate-200 p-5\">\n          <h3 class=\"font-heading text-lg\">Acompa\u00f1amiento total<\/h3>\n          <p class=\"mt-2 text-slate-700\">Antes, durante y despu\u00e9s del viaje.<\/p>\n        <\/article>\n        <article class=\"rounded-2xl border border-red-100 p-5 bg-classRose\">\n          <h3 class=\"font-heading text-lg\">Objetivo<\/h3>\n          <p class=\"mt-2 text-slate-700\">Que tu hijo disfrute la experiencia mientras t\u00fa tienes total tranquilidad.<\/p>\n        <\/article>\n      <\/div>\n    <\/div>\n  <\/section>\n\n  <section id=\"vancouver\" class=\"mx-auto max-w-6xl px-6 py-14 md:py-20\">\n    <div class=\"grid gap-10 md:grid-cols-2 md:items-center\">\n      <img decoding=\"async\" src=\"https:\/\/classeducation.com\/wp-content\/uploads\/2026\/05\/building.jpg\" alt=\"Vancouver, Canad\u00e1\"\n        class=\"h-[420px] w-full rounded-3xl object-cover shadow-soft\" \/>\n      <div>\n        <p class=\"inline-flex rounded-full bg-red-100 px-4 py-1 text-sm font-bold text-classRedDark\">Destino destacado\n        <\/p>\n        <h2 class=\"mt-4 font-heading text-3xl text-classRedDark\">Campamento de Verano en Vancouver<\/h2>\n        <p class=\"mt-3 text-lg\">Seguridad, naturaleza y educaci\u00f3n internacional.<\/p>\n        <p class=\"mt-3\">Uno de los destinos favoritos es Vancouver, reconocida por su seguridad, calidad de vida y\n          entorno natural.<\/p>\n        <p class=\"mt-3\">Durante <strong>2 semanas (26 de julio al 8 de agosto)<\/strong>, tu hijo vivir\u00e1 una experiencia\n          educativa y cultural en una de las mejores ciudades de Canad\u00e1.<\/p>\n      <\/div>\n    <\/div>\n\n    <div class=\"mt-10 grid gap-8 md:grid-cols-2\">\n      <article class=\"rounded-3xl border border-red-100 bg-white p-7 text-classInk shadow-soft\">\n        <h3 class=\"font-heading text-2xl\">\u00bfQu\u00e9 incluye?<\/h3>\n        <ul class=\"mt-4 space-y-3 text-slate-700\">\n          <li>Ingl\u00e9s: 20 lecciones por semana<\/li>\n          <li>Seguro m\u00e9dico<\/li>\n          <li>Excursiones de medio d\u00eda y d\u00eda completo<\/li>\n          <li>Alojamiento en residencia (habitaci\u00f3n doble con ba\u00f1o individual y aire acondicionado)<\/li>\n          <li>3 alimentos al d\u00eda (desayuno, comida y cena)<\/li>\n          <li>Traslados aeropuerto \u2013 residencia \u2013 aeropuerto<\/li>\n          <li>Carta de custodia<\/li>\n          <li>Viaje en grupo desde M\u00e9xico<\/li>\n          <li>Coordinaci\u00f3n y acompa\u00f1amiento de CLASS Education<\/li>\n        <\/ul>\n      <\/article>\n\n      <article class=\"rounded-3xl border border-slate-200 bg-white p-7 shadow-soft\">\n        <h3 class=\"font-heading text-2xl text-classRedDark\">Datos de vuelo<\/h3>\n        <p class=\"mt-3 text-slate-700\"><strong>Aerol\u00ednea:<\/strong> Air Canada<\/p>\n        <div class=\"mt-5 space-y-4\">\n          <div class=\"rounded-2xl bg-slate-50 p-4\">\n            <p class=\"text-sm font-bold uppercase tracking-wide text-slate-500\">Salida \u2013 26 de julio<\/p>\n            <p class=\"mt-1 font-semibold\">M\u00e9xico \u2192 Vancouver<\/p>\n            <p class=\"text-slate-700\">6:30 AM \u2013 11:20 AM<\/p>\n          <\/div>\n          <div class=\"rounded-2xl bg-slate-50 p-4\">\n            <p class=\"text-sm font-bold uppercase tracking-wide text-slate-500\">Regreso \u2013 8 de agosto<\/p>\n            <p class=\"mt-1 font-semibold\">Vancouver \u2192 M\u00e9xico<\/p>\n            <p class=\"text-slate-700\">16:20 PM \u2013 22:50 PM<\/p>\n          <\/div>\n        <\/div>\n        <p class=\"mt-5 rounded-xl bg-red-50 px-4 py-3 text-classRedDark\">Incluye maleta documentada de 23 kg.<\/p>\n      <\/article>\n    <\/div>\n  <\/section>\n\n  <section class=\"bg-classBlush py-14 md:py-20\">\n    <div class=\"mx-auto max-w-6xl px-6\">\n      <div class=\"grid gap-8 md:grid-cols-[1fr_1.2fr] md:items-start\">\n        <article class=\"rounded-3xl bg-white p-7 shadow-soft\">\n          <h2 class=\"font-heading text-3xl text-classRedDark\">Inversi\u00f3n del programa<\/h2>\n          <p class=\"mt-2 text-slate-700\">Campamento de Verano en Vancouver<\/p>\n          <p class=\"text-slate-700\">2 semanas | Viaje en grupo<\/p>\n          <p class=\"mt-5 font-heading text-5xl text-classRedDark\">$7,285 <span class=\"text-xl\">CAD<\/span><\/p>\n          <p class=\"mt-3 font-semibold text-classRedDark\">Incluye boleto de avi\u00f3n<\/p>\n          <p class=\"mt-1 font-semibold text-red-600\">\u00daltimos lugares disponibles<\/p>\n          <p class=\"mt-4 text-slate-700\">Aplica plan de pagos y financiamiento (consulta con tu asesor).<\/p>\n        <\/article>\n\n        <article>\n          <h3 class=\"font-heading text-3xl text-classRedDark\">Beneficios de esta experiencia<\/h3>\n          <div class=\"mt-6 grid gap-4 sm:grid-cols-2\">\n            <div class=\"rounded-2xl bg-white p-5 shadow-soft\">\n              <h4 class=\"font-heading text-lg\">Mejora del idioma<\/h4>\n              <p class=\"mt-2 text-slate-700\">Practican ingl\u00e9s todos los d\u00edas en situaciones reales.<\/p>\n            <\/div>\n            <div class=\"rounded-2xl bg-white p-5 shadow-soft\">\n              <h4 class=\"font-heading text-lg\">Mayor confianza e independencia<\/h4>\n              <p class=\"mt-2 text-slate-700\">Viajar al extranjero fortalece su seguridad personal.<\/p>\n            <\/div>\n            <div class=\"rounded-2xl bg-white p-5 shadow-soft\">\n              <h4 class=\"font-heading text-lg\">Experiencia multicultural<\/h4>\n              <p class=\"mt-2 text-slate-700\">Conviven con estudiantes de diferentes pa\u00edses.<\/p>\n            <\/div>\n            <div class=\"rounded-2xl bg-white p-5 shadow-soft\">\n              <h4 class=\"font-heading text-lg\">Desarrollo personal<\/h4>\n              <p class=\"mt-2 text-slate-700\">Regresan con nuevas habilidades y una visi\u00f3n m\u00e1s amplia del mundo.<\/p>\n            <\/div>\n          <\/div>\n        <\/article>\n      <\/div>\n    <\/div>\n  <\/section>\n\n  <section class=\"mx-auto max-w-6xl px-6 py-14 md:py-20\">\n    <div class=\"grid gap-10 md:grid-cols-2\">\n      <article>\n        <h2 class=\"font-heading text-3xl text-classRedDark\">Tambi\u00e9n contamos con campamentos en otros destinos<\/h2>\n        <ul class=\"mt-5 space-y-3 text-lg\">\n          <li>\ud83c\udde8\ud83c\udde6 Canad\u00e1<\/li>\n          <li>\ud83c\uddec\ud83c\udde7 Reino Unido<\/li>\n          <li>\ud83c\uddeb\ud83c\uddf7 Francia<\/li>\n          <li>\ud83c\uddfa\ud83c\uddf8 Estados Unidos<\/li>\n        <\/ul>\n      <\/article>\n\n      <article class=\"rounded-3xl border border-slate-200 bg-white p-7 shadow-soft\">\n        <h3 class=\"font-heading text-2xl text-classRedDark\">Requisitos<\/h3>\n        <ul class=\"mt-4 space-y-3 text-slate-700\">\n          <li>Formato de aplicaci\u00f3n<\/li>\n          <li>Pasaporte vigente<\/li>\n          <li>ETA (permiso de ingreso a Canad\u00e1)<\/li>\n        <\/ul>\n      <\/article>\n    <\/div>\n  <\/section>\n\n  <section id=\"asesoria\" class=\"bg-classBurgundy py-14 text-white md:py-20\">\n    <div class=\"mx-auto max-w-6xl px-6\">\n      <div class=\"grid gap-8 md:grid-cols-[1.2fr_.8fr] md:items-center\">\n        <div>\n          <div class=\"font-heading text-3xl\">Agenda una asesor\u00eda gratuita<\/div>\n          <p class=\"mt-4 text-lg text-slate-100\">Si quieres que tu hijo viva una experiencia internacional segura,\n            educativa y transformadora, nosotros te guiamos en todo el proceso.<\/p>\n          <p class=\"mt-3 text-slate-200\">Agenda una asesor\u00eda virtual gratuita y asegura su lugar hoy.<\/p>\n        <\/div>\n        <div class=\"rounded-3xl bg-white p-6 text-classInk shadow-soft\">\n          <p class=\"font-heading text-2xl\">Solicita informaci\u00f3n<\/p>\n          <p class=\"mt-2 text-slate-600\">Contacto CLASS Education<\/p>\n          <ul class=\"mt-4 space-y-2 text-sm\">\n            <li><strong>Tel\u00e9fono:<\/strong> +52 55 5523 2922<\/li>\n            <li><strong>WhatsApp:<\/strong> +52 1 55 8533 3086<\/li>\n            <li><strong>Email:<\/strong> info@classeducation.com<\/li>\n          <\/ul>\n        <\/div>\n      <\/div>\n    <\/div>\n  <\/section>\n<\/body>\n\t\t\t\t<\/div>\n\t\t\t\t<\/div>\n\t\t\t\t\t<\/div>\n\t\t<\/div>\n\t\t\t\t\t<\/div>\n\t\t<\/section>\n\t\t\t\t<\/div>\n\t\t","protected":false},"excerpt":{"rendered":"<p>Campamentos by CLASS Education Agenda asesor\u00eda Salidas grupales para j\u00f3venes de 7 a 17 a\u00f1os Campamentos de Verano en el Extranjero Una experiencia segura que impulsa el crecimiento de tu hijo. Cada verano, miles de j\u00f3venes viajan al extranjero para vivir una experiencia que combina aprendizaje, cultura y desarrollo personal. Practiquen un nuevo idioma Conozcan [&hellip;]<\/p>\n","protected":false},"author":163,"featured_media":0,"parent":0,"menu_order":0,"comment_status":"closed","ping_status":"closed","template":"","meta":{"_acf_changed":false,"footnotes":""},"class_list":["post-18940","page","type-page","status-publish","hentry"],"acf":[],"_links":{"self":[{"href":"https:\/\/classeducation.com\/en\/wp-json\/wp\/v2\/pages\/18940","targetHints":{"allow":["GET"]}}],"collection":[{"href":"https:\/\/classeducation.com\/en\/wp-json\/wp\/v2\/pages"}],"about":[{"href":"https:\/\/classeducation.com\/en\/wp-json\/wp\/v2\/types\/page"}],"author":[{"embeddable":true,"href":"https:\/\/classeducation.com\/en\/wp-json\/wp\/v2\/users\/163"}],"replies":[{"embeddable":true,"href":"https:\/\/classeducation.com\/en\/wp-json\/wp\/v2\/comments?post=18940"}],"version-history":[{"count":34,"href":"https:\/\/classeducation.com\/en\/wp-json\/wp\/v2\/pages\/18940\/revisions"}],"predecessor-version":[{"id":18979,"href":"https:\/\/classeducation.com\/en\/wp-json\/wp\/v2\/pages\/18940\/revisions\/18979"}],"wp:attachment":[{"href":"https:\/\/classeducation.com\/en\/wp-json\/wp\/v2\/media?parent=18940"}],"curies":[{"name":"wp","href":"https:\/\/api.w.org\/{rel}","templated":true}]}}