{"id":18474,"date":"2025-06-28T21:17:05","date_gmt":"2025-06-29T02:17:05","guid":{"rendered":"https:\/\/classeducation.com\/?page_id=18474"},"modified":"2025-07-16T23:08:17","modified_gmt":"2025-07-17T04:08:17","slug":"hospedaje","status":"publish","type":"page","link":"https:\/\/classeducation.com\/en\/hospedaje\/","title":{"rendered":"Hospedaje"},"content":{"rendered":"<div data-elementor-type=\"wp-page\" data-elementor-id=\"18474\" class=\"elementor elementor-18474\" data-elementor-post-type=\"page\">\n\t\t\t\t\t\t<section data-particle_enable=\"false\" data-particle-mobile-disabled=\"false\" class=\"elementor-section elementor-top-section elementor-element elementor-element-6dece64 elementor-section-height-min-height elementor-section-stretched elementor-section-content-middle elementor-section-boxed elementor-section-height-default elementor-section-items-middle\" data-id=\"6dece64\" data-element_type=\"section\" data-e-type=\"section\" data-settings=\"{&quot;stretch_section&quot;:&quot;section-stretched&quot;,&quot;background_background&quot;:&quot;classic&quot;}\">\n\t\t\t\t\t\t\t<div class=\"elementor-background-overlay\"><\/div>\n\t\t\t\t\t\t\t<div class=\"elementor-container elementor-column-gap-default\">\n\t\t\t\t\t<div class=\"elementor-column elementor-col-100 elementor-top-column elementor-element elementor-element-80566e2\" data-id=\"80566e2\" data-element_type=\"column\" data-e-type=\"column\">\n\t\t\t<div class=\"elementor-widget-wrap elementor-element-populated\">\n\t\t\t\t\t\t<div class=\"elementor-element elementor-element-4685855 elementor-widget elementor-widget-text-editor\" data-id=\"4685855\" data-element_type=\"widget\" data-e-type=\"widget\" data-widget_type=\"text-editor.default\">\n\t\t\t\t<div class=\"elementor-widget-container\">\n\t\t\t\t\t\t\t\t\t<section class=\"text-white text-center py-24 px-4\">\n<div class=\"max-w-3xl mx-auto\">\n<h1 class=\"text-4xl sm:text-5xl md:text-6xl font-extrabold leading-tight\">\u00a1Vive la experiencia completa de estudiar en Canad\u00e1!<\/h1>\n<p class=\"mt-6 text-lg sm:text-xl\">\u00bfTe imaginas vivir una experiencia aut\u00e9ntica, segura y c\u00f3moda mientras estudias en Canad\u00e1?<\/p>\n<p class=\"mt-4 text-base sm:text-lg text-gray-200\">In <span class=\"font-semibold\">CLASS Education<\/span> junto con <span class=\"font-semibold\">CAS<\/span>\nhemos creado un servicio especialmente dise\u00f1ado para ti: personalizado, confiable y lleno de\nacompa\u00f1amiento.<\/p>\n<!--\n<div class=\"mt-12 flex flex-col sm:flex-row justify-center gap-4\">\n                <a href=\"#contacto\" class=\"bg-white text-blue-800 font-semibold px-6 py-3 rounded-lg shadow-lg hover:bg-gray-100 transition\">\n\u00a1Cont\u00e1ctanos!\n<\/a>\n<a href=\"#mas-info\" class=\"border border-white text-white font-semibold px-6 py-3 rounded-lg hover:bg-white hover:text-blue-800 transition\">\nM\u00e1s Informaci\u00f3n\n<\/a><\/div>\n-->\n\n<\/div>\n<\/section>\t\t\t\t\t\t\t\t<\/div>\n\t\t\t\t<\/div>\n\t\t\t\t\t<\/div>\n\t\t<\/div>\n\t\t\t\t\t<\/div>\n\t\t<\/section>\n\t\t\t\t<section data-particle_enable=\"false\" data-particle-mobile-disabled=\"false\" class=\"elementor-section elementor-top-section elementor-element elementor-element-2a59ee1 elementor-section-boxed elementor-section-height-default elementor-section-height-default\" data-id=\"2a59ee1\" data-element_type=\"section\" data-e-type=\"section\">\n\t\t\t\t\t\t<div class=\"elementor-container elementor-column-gap-default\">\n\t\t\t\t\t<div class=\"elementor-column elementor-col-100 elementor-top-column elementor-element elementor-element-7822dac\" data-id=\"7822dac\" data-element_type=\"column\" data-e-type=\"column\">\n\t\t\t<div class=\"elementor-widget-wrap elementor-element-populated\">\n\t\t\t\t\t\t<div class=\"elementor-element elementor-element-c6d7c6f elementor-widget elementor-widget-html\" data-id=\"c6d7c6f\" data-element_type=\"widget\" data-e-type=\"widget\" data-widget_type=\"html.default\">\n\t\t\t\t<div class=\"elementor-widget-container\">\n\t\t\t\t\t <div class=\"bg-gray-50 text-gray-800\">\n\n        <div class=\"max-w-7xl mx-auto px-4 py-10 text-center\">\n\n            <!-- T\u00edtulo -->\n            <div class=\"mb-10\">\n                <div class=\"flex justify-center items-center gap-3 text-2xl sm:text-3xl font-bold mb-2\">\n                    <span class=\"text-4xl text-red-500\"><i class=\"ri-team-line\"><\/i><\/span>\n                    <h1>Servicio Personalizado CAS<\/h1>\n                <\/div>\n                <p class=\"text-gray-600 text-base sm:text-lg\">\n                    En CAS no solo encuentras un lugar donde vivir:\n                    <span class=\"text-red-600 font-semibold block sm:inline\">encuentras una familia.<\/span>\n                <\/p>\n                <a target=\"_blank\" href=\"https:\/\/w.app\/classeducation\">\n                    <div class=\"inline-flex items-center gap-2 bg-red-600 text-white font-semibold px-6 py-3 rounded-xl shadow-lg hover:bg-red-700 transition-all duration-200\">\n                        \u00a1Contacta a un Asesor CLASS Education aqu\u00ed!\n                    <\/div>\n                <\/a>\n            <\/div>\n\n            <!-- Grid de servicios -->\n            <div class=\"grid grid-cols-1 sm:grid-cols-2 lg:grid-cols-3 gap-6\">\n                <!-- Card 1 -->\n                <div class=\"bg-white border border-gray-200 rounded-lg p-6 text-center shadow-sm\">\n                    <div class=\"text-red-600 text-4xl mb-3\"><i class=\"ri-user-line\"><\/i><\/div>\n                    <h4 class=\"font-semibold mb-1\">Reuni\u00f3n previa<\/h4>\n                    <p class=\"text-sm text-gray-600\">Videollamada un mes antes para revisar tu programa Homestay<\/p>\n                <\/div>\n\n                <!-- Card 2 -->\n                <div class=\"bg-white border border-gray-200 rounded-lg p-6 text-center shadow-sm\">\n                    <div class=\"text-red-600 text-4xl mb-3\"><i class=\"ri-flight-takeoff-line\"><\/i><\/div>\n                    <h4 class=\"font-semibold mb-1\">Transporte Seguro<\/h4>\n                    <p class=\"text-sm text-gray-600\">Organizaci\u00f3n del servicio de transporte si es requerido<\/p>\n                <\/div>\n\n                <!-- Card 3 -->\n                <div class=\"bg-white border border-gray-200 rounded-lg p-6 text-center shadow-sm\">\n                    <div class=\"text-red-600 text-4xl mb-3\"><i class=\"ri-chat-1-line\"><\/i><\/div>\n                    <h4 class=\"font-semibold mb-1\">Videollamada con familia<\/h4>\n                    <p class=\"text-sm text-gray-600\">Conoce a tu familia Homestay antes de llegar<\/p>\n                <\/div>\n\n                <!-- Card 4 -->\n                <div class=\"bg-white border border-gray-200 rounded-lg p-6 text-center shadow-sm\">\n                    <div class=\"text-red-600 text-4xl mb-3\"><i class=\"ri-phone-line\"><\/i><\/div>\n                    <h4 class=\"font-semibold mb-1\">Contacto pre-vuelo<\/h4>\n                    <p class=\"text-sm text-gray-600\">Un d\u00eda antes de tu vuelo para asegurar que todo est\u00e9 en orden<\/p>\n                <\/div>\n\n                <!-- Card 5 -->\n                <div class=\"bg-white border border-gray-200 rounded-lg p-6 text-center shadow-sm\">\n                    <div class=\"text-red-600 text-4xl mb-3\"><i class=\"ri-checkbox-circle-line\"><\/i><\/div>\n                    <h4 class=\"font-semibold mb-1\">Seguimiento llegada<\/h4>\n                    <p class=\"text-sm text-gray-600\">El d\u00eda de llegada y tu primera semana en Canad\u00e1<\/p>\n                <\/div>\n\n                <!-- Card 6 -->\n                <div class=\"bg-white border border-gray-200 rounded-lg p-6 text-center shadow-sm\">\n                    <div class=\"text-red-600 text-4xl mb-3\"><i class=\"ri-shield-line\"><\/i><\/div>\n                    <h4 class=\"font-semibold mb-1\">Contacto mensual<\/h4>\n                    <p class=\"text-sm text-gray-600\">Para asegurar tu bienestar durante todo tu programa<\/p>\n                <\/div>\n            <\/div>\n\n            <!-- Nota final -->\n            <div\n                class=\"mt-10 bg-green-100 text-green-800 px-6 py-3 rounded-full inline-flex items-center gap-2 text-sm font-semibold\">\n                <i class=\"ri-checkbox-circle-line\"><\/i> Todas las familias tienen verificaci\u00f3n de antecedentes penales y\n                referencias comprobadas\n            <\/div>\n        <\/div>\n\n    <\/div>\t\t\t\t<\/div>\n\t\t\t\t<\/div>\n\t\t\t\t\t<\/div>\n\t\t<\/div>\n\t\t\t\t\t<\/div>\n\t\t<\/section>\n\t\t\t\t<section data-particle_enable=\"false\" data-particle-mobile-disabled=\"false\" class=\"elementor-section elementor-top-section elementor-element elementor-element-a39e51e elementor-section-boxed elementor-section-height-default elementor-section-height-default\" data-id=\"a39e51e\" data-element_type=\"section\" data-e-type=\"section\">\n\t\t\t\t\t\t<div class=\"elementor-container elementor-column-gap-default\">\n\t\t\t\t\t<div class=\"elementor-column elementor-col-100 elementor-top-column elementor-element elementor-element-533d80b\" data-id=\"533d80b\" data-element_type=\"column\" data-e-type=\"column\">\n\t\t\t<div class=\"elementor-widget-wrap elementor-element-populated\">\n\t\t\t\t\t\t<div class=\"elementor-element elementor-element-d94497b elementor-widget elementor-widget-html\" data-id=\"d94497b\" data-element_type=\"widget\" data-e-type=\"widget\" data-widget_type=\"html.default\">\n\t\t\t\t<div class=\"elementor-widget-container\">\n\t\t\t\t\t\n    <div class=\"bg-gray-50 text-gray-800\">\n           <div class=\"text-center\">\n        <a href=\"https:\/\/classeducation.com\/wp-content\/uploads\/2025\/07\/1-CAS-HOMESTAY-REQUEST-2025.pdf\"\n            download=\"CAS-HOMESTAY-REQUEST-2025.pdf\">\n            <div\n                class=\"inline-flex items-center gap-2 bg-red-600 text-white font-semibold px-6 py-3 rounded-xl shadow-lg hover:bg-red-700 transition-all duration-200\">\n                <i class=\"ri-download-2-fill\"><\/i>\n                <span class=\"text-sm sm:text-base text-center\">Descarga tu form ahora y solicita tu hospedaje<\/span>\n            <\/div>\n        <\/a>\n    <\/div>\n        \n        <div class=\"max-w-6xl mx-auto py-16 px-4 text-center\">\n\n            <div class=\"grid grid-cols-1 md:grid-cols-2 gap-8 justify-center\">\n                <!-- Transporte Seguro -->\n                <div class=\"bg-white rounded-lg shadow-md p-6 border\">\n                    <div class=\"flex items-center mb-4 text-xl font-semibold\">\n                        <span class=\"mr-2 text-red-500\"><i class=\"ri-flight-takeoff-line\"><\/i><\/span>\n                        <span>Transporte Seguro<\/span>\n                    <\/div>\n                    <div class=\"text-left space-y-2 text-sm md:text-base\">\n                        <div class=\"flex justify-between\">\n                            <span>Pick-up (llegada):<\/span>\n                            <span class=\"font-semibold\">$185 CAD<\/span>\n                        <\/div>\n                        <div class=\"flex justify-between\">\n                            <span>Drop-off (salida):<\/span>\n                            <span class=\"font-semibold\">$185 CAD<\/span>\n                        <\/div>\n                        <!-- <hr class=\"my-2\"> -->\n                        <div class=\"flex justify-between font-bold text-red-600\">\n                            <span>Paquete Pick-up + Drop-off:<\/span>\n                            <span>$250 CAD<\/span>\n                        <\/div>\n                    <\/div>\n                <\/div>\n\n                <!-- Custodia Legal -->\n                <div class=\"bg-white rounded-lg shadow-md p-6 border\">\n                    <div class=\"flex items-center mb-1 text-xl font-semibold\">\n                        <span class=\"mr-2 text-red-500\"><i class=\"ri-shield-line\"><\/i><\/span>\n                        <span class=\"\">Custodia Legal<\/span>\n                    <\/div>\n                    <p class=\"text-sm text-gray-500 text-left mb-4\">Para Menores de Edad<\/p>\n                    <div class=\"text-left space-y-2 text-sm md:text-base\">\n                        <div class=\"flex justify-between\">\n                            <span>Estudiantes de High School:<\/span>\n                            <span class=\"font-semibold\">$650 CAD<\/span>\n                        <\/div>\n                        <div class=\"flex justify-between\">\n                            <span>Estudiantes de Idioma:<\/span>\n                            <span class=\"font-semibold\">$250 CAD<\/span>\n                        <\/div>\n                    <\/div>\n                <\/div>\n            <\/div>\n        <\/div>\n        <div class=\"text-center\">\n        <a target=\"_blank\" href=\"https:\/\/w.app\/classeducation\">\n            <div class=\"inline-flex items-center gap-2 bg-red-600 text-white font-semibold px-6 py-3 rounded-xl shadow-lg hover:bg-red-700 transition-all duration-200\">\n                \u00a1Click aqu\u00ed para contactar a un Asesor CLASS Education!\n            <\/div>\n        <\/a>\n        <\/div>\n\n    <\/div>\t\t\t\t<\/div>\n\t\t\t\t<\/div>\n\t\t\t\t\t<\/div>\n\t\t<\/div>\n\t\t\t\t\t<\/div>\n\t\t<\/section>\n\t\t\t\t<section data-particle_enable=\"false\" data-particle-mobile-disabled=\"false\" class=\"elementor-section elementor-top-section elementor-element elementor-element-0941acf elementor-section-boxed elementor-section-height-default elementor-section-height-default\" data-id=\"0941acf\" data-element_type=\"section\" data-e-type=\"section\">\n\t\t\t\t\t\t<div class=\"elementor-container elementor-column-gap-default\">\n\t\t\t\t\t<div class=\"elementor-column elementor-col-100 elementor-top-column elementor-element elementor-element-ab34e25\" data-id=\"ab34e25\" data-element_type=\"column\" data-e-type=\"column\">\n\t\t\t<div class=\"elementor-widget-wrap elementor-element-populated\">\n\t\t\t\t\t\t<div class=\"elementor-element elementor-element-590130c elementor-widget elementor-widget-html\" data-id=\"590130c\" data-element_type=\"widget\" data-e-type=\"widget\" data-widget_type=\"html.default\">\n\t\t\t\t<div class=\"elementor-widget-container\">\n\t\t\t\t\t \n <div class=\"bg-gray-50 text-gray-800\">\n        <div class=\"max-w-7xl mx-auto px-4 py-16 text-center\">\n            <h1 class=\"text-3xl font-bold mb-2\"><i class=\"ri-map-pin-line\"><\/i> Ciudades Disponibles<\/h1>\n            <p class=\"text-sm text-gray-500 mb-10\">CAS ofrece hospedaje en las principales ciudades de Canad\u00e1<\/p>\n\n            <div class=\"grid md:grid-cols-2 gap-8 text-left\">\n                <!-- Ciudades Principales -->\n                <div class=\"bg-white rounded-lg shadow-sm border p-6\">\n                    <div class=\"text-xl font-bold mb-4 flex items-center text-red-600\">\n                        <i class=\"ri-map-pin-line\"><\/i> <span class=\"ml-2 text-black\">Ciudades Principales<\/span>\n                    <\/div>\n                    <div class=\"grid grid-cols-2 gap-2 text-sm\">\n                        <p><i class=\"ri-checkbox-circle-line text-xl text-green-500\"><\/i> Victoria<\/p>\n                        <p><i class=\"ri-checkbox-circle-line text-xl text-green-500\"><\/i> Vancouver<\/p>\n                        <p><i class=\"ri-checkbox-circle-line text-xl text-green-500\"><\/i> Toronto<\/p>\n                        <p><i class=\"ri-checkbox-circle-line text-xl text-green-500\"><\/i> Etobicoke<\/p>\n                        <p><i class=\"ri-checkbox-circle-line text-xl text-green-500\"><\/i> Burlington<\/p>\n                        <p><i class=\"ri-checkbox-circle-line text-xl text-green-500\"><\/i> Oakville<\/p>\n                        <p><i class=\"ri-checkbox-circle-line text-xl text-green-500\"><\/i> Hamilton<\/p>\n                        <p><i class=\"ri-checkbox-circle-line text-xl text-green-500\"><\/i> Welland<\/p>\n                        <p><i class=\"ri-checkbox-circle-line text-xl text-green-500\"><\/i> Guelph<\/p>\n                        <p><i class=\"ri-checkbox-circle-line text-xl text-green-500\"><\/i> Brampton<\/p>\n                        <p><i class=\"ri-checkbox-circle-line text-xl text-green-500\"><\/i> Barrie<\/p>\n                        <p><i class=\"ri-checkbox-circle-line text-xl text-green-500\"><\/i> Kitchener<\/p>\n                        <p><i class=\"ri-checkbox-circle-line text-xl text-green-500\"><\/i> Niagara Falls<\/p>\n                        <p><i class=\"ri-checkbox-circle-line text-xl text-green-500\"><\/i> Windsor<\/p>\n                        <p><i class=\"ri-checkbox-circle-line text-xl text-green-500\"><\/i> Ottawa<\/p>\n                        <p><i class=\"ri-checkbox-circle-line text-xl text-green-500\"><\/i> Brockville<\/p>\n                        <p><i class=\"ri-checkbox-circle-line text-xl text-green-500\"><\/i> Montreal<\/p>\n                        <p><i class=\"ri-checkbox-circle-line text-xl text-green-500\"><\/i> Quebec<\/p>\n                    <\/div>\n                <\/div>\n\n                <!-- Distritos Escolares Asociados -->\n                <div class=\"bg-white rounded-lg shadow-sm border p-6\">\n                    <div class=\"text-xl font-bold mb-4 flex items-center text-red-600\">\n                        <i class=\"ri-school-line\"><\/i> <span class=\"ml-2 text-black\">Distritos Escolares\n                            Asociados<\/span>\n                    <\/div>\n                    <div class=\"grid grid-cols-1 gap-2 text-sm\">\n                        <p><i class=\"ri-checkbox-circle-line text-xl text-green-500\"><\/i> Burnaby<\/p>\n                        <p><i class=\"ri-checkbox-circle-line text-xl text-green-500\"><\/i> Coquitlam<\/p>\n                        <p><i class=\"ri-checkbox-circle-line text-xl text-green-500\"><\/i> New Westminster<\/p>\n                        <p><i class=\"ri-checkbox-circle-line text-xl text-green-500\"><\/i> Surrey<\/p>\n                        <p><i class=\"ri-checkbox-circle-line text-xl text-green-500\"><\/i> Langley<\/p>\n                        <p><i class=\"ri-checkbox-circle-line text-xl text-green-500\"><\/i> Maple Ridge<\/p>\n                        <p><i class=\"ri-checkbox-circle-line text-xl text-green-500\"><\/i> West Vancouver<\/p>\n                        <p><i class=\"ri-checkbox-circle-line text-xl text-green-500\"><\/i> Victoria<\/p>\n                        <p><i class=\"ri-checkbox-circle-line text-xl text-green-500\"><\/i> Ottawa-Carleton<\/p>\n                        <p><i class=\"ri-checkbox-circle-line text-xl text-green-500\"><\/i> Upper Canada<\/p>\n                        <p><i class=\"ri-checkbox-circle-line text-xl text-green-500\"><\/i> Halton Catholic<\/p>\n                        <p><i class=\"ri-checkbox-circle-line text-xl text-green-500\"><\/i> Lester B. Pearson School Board\n                        <\/p>\n                    <\/div>\n                <\/div>\n            <\/div>\n        <\/div>\n        <p class=\"text-center  mb-3 font-semibold text-sm sm:text-base\">\n  Y MUCHAS M\u00c1S CIUDADES Y DISTRITOS ESCOLARES\n<\/p>\n        \n                 <div class=\"text-center pt-4\">\n        <a href=\"https:\/\/classeducation.com\/wp-content\/uploads\/2025\/07\/1-CAS-HOMESTAY-REQUEST-2025.pdf\"\n            download=\"CAS-HOMESTAY-REQUEST-2025.pdf\">\n            <div\n                class=\"inline-flex items-center gap-2 bg-red-600 text-white font-semibold px-6 py-3 rounded-xl shadow-lg hover:bg-red-700 transition-all duration-200\">\n                <i class=\"ri-download-2-fill\"><\/i>\n                <span class=\"text-sm sm:text-base text-center\">Descarga tu form ahora y solicita tu hospedaje<\/span>\n            <\/div>\n        <\/a>\n    <\/div>\n    <\/div>\t\t\t\t<\/div>\n\t\t\t\t<\/div>\n\t\t\t\t\t<\/div>\n\t\t<\/div>\n\t\t\t\t\t<\/div>\n\t\t<\/section>\n\t\t\t\t<section data-particle_enable=\"false\" data-particle-mobile-disabled=\"false\" class=\"elementor-section elementor-top-section elementor-element elementor-element-37b453a elementor-section-full_width elementor-section-height-default elementor-section-height-default\" data-id=\"37b453a\" data-element_type=\"section\" data-e-type=\"section\">\n\t\t\t\t\t\t<div class=\"elementor-container elementor-column-gap-default\">\n\t\t\t\t\t<div class=\"elementor-column elementor-col-100 elementor-top-column elementor-element elementor-element-7e056d3\" data-id=\"7e056d3\" data-element_type=\"column\" data-e-type=\"column\">\n\t\t\t<div class=\"elementor-widget-wrap elementor-element-populated\">\n\t\t\t\t\t\t<div class=\"elementor-element elementor-element-14d733a elementor-widget elementor-widget-html\" data-id=\"14d733a\" data-element_type=\"widget\" data-e-type=\"widget\" data-widget_type=\"html.default\">\n\t\t\t\t<div class=\"elementor-widget-container\">\n\t\t\t\t\t        <!-- Secci\u00f3n de fondo degradado rojo-naranja -->\n        <section class=\"bg-gradient-to-r from-red-600 to-orange-500 text-white py-16 px-4 text-center\">\n            <div class=\"max-w-3xl mx-auto\">\n\n                <!-- T\u00edtulo -->\n                <div class=\"text-3xl sm:text-4xl font-bold mb-4 flex justify-center items-center gap-2\">\n                    <span><i class=\"ri-bard-line text-yellow-500\"><\/i><\/span> Tu experiencia empieza antes de viajar\n                <\/div>\n\n                <!-- Subt\u00edtulo -->\n                <p class=\"text-base sm:text-lg mb-10 leading-relaxed\">\n                    Desde el primer contacto hasta tus \u00faltimos d\u00edas en Canad\u00e1, nuestro equipo y el de<br \/>\n                    CAS estar\u00e1 contigo paso a paso. Porque tu bienestar, seguridad y adaptaci\u00f3n son<br \/>\n                    nuestra prioridad.\n                <\/p>\n\n                <!-- CTA principal -->\n                <div class=\"text-lg sm:text-xl text-white font-semibold mb-4\">Cont\u00e1ctanos hoy y asegura tu lugar<\/div>\n\n                <!-- Botones -->\n                <div class=\"flex text-whites flex-col sm:flex-row justify-center items-center gap-4 mb-10\">\n                    <a href=\"tel:+525555232922\"><\/a>\n                    <div\n                        class=\"bg-white text-red-600 font-medium px-6 py-3 rounded-lg flex items-center gap-2 border border-white hover:bg-red-100 transition\">\n                        <i class=\"ri-phone-line\"><\/i> +52 55 5523 2922\n                    <\/div>\n                    <\/a>\n                    <a href=\"https:\/\/wa.me\/525530189202\" target=\"_blank\">\n                        <div\n                            class=\"bg-transparent text-white font-medium px-6 py-3 rounded-lg flex items-center gap-2 border border-white hover:bg-white hover:text-red-600 transition\">\n                            <i class=\"ri-chat-1-line\"><\/i> WhatsApp: +52 55 3018 9202<\/div>\n                    <\/a>\n                <\/div>\n\n                <!-- Separador -->\n                <hr class=\"border-white\/30 mb-6\" \/>\n\n                <!-- Nota final -->\n                <p class=\"text-sm sm:text-base font-semibold\">\n                    No dejes tu alojamiento al azar. Vive tu experiencia educativa en Canad\u00e1 con la seguridad de estar\n                    acompa\u00f1ado, guiado y en casa.<br \/>\n                    <span class=\"font-bold\">CLASS Education + CAS: Tu hogar, tu familia, tu experiencia en\n                        Canad\u00e1.<\/span>\n                <\/p>\n            <\/div>\n        <\/section>\n\t\t\t\t<\/div>\n\t\t\t\t<\/div>\n\t\t\t\t\t<\/div>\n\t\t<\/div>\n\t\t\t\t\t<\/div>\n\t\t<\/section>\n\t\t\t\t<section data-particle_enable=\"false\" data-particle-mobile-disabled=\"false\" class=\"elementor-section elementor-top-section elementor-element elementor-element-3b8ae75 elementor-section-boxed elementor-section-height-default elementor-section-height-default\" data-id=\"3b8ae75\" data-element_type=\"section\" data-e-type=\"section\">\n\t\t\t\t\t\t<div class=\"elementor-container elementor-column-gap-default\">\n\t\t\t\t\t<div class=\"elementor-column elementor-col-100 elementor-top-column elementor-element elementor-element-e1c7be7\" data-id=\"e1c7be7\" data-element_type=\"column\" data-e-type=\"column\">\n\t\t\t<div class=\"elementor-widget-wrap\">\n\t\t\t\t\t\t\t<\/div>\n\t\t<\/div>\n\t\t\t\t\t<\/div>\n\t\t<\/section>\n\t\t\t\t<\/div>","protected":false},"excerpt":{"rendered":"<p>\u00a1Vive la experiencia completa de estudiar en Canad\u00e1! \u00bfTe imaginas vivir una experiencia aut\u00e9ntica, segura y c\u00f3moda mientras estudias en Canad\u00e1? En CLASS Education junto con CAS hemos creado un servicio especialmente dise\u00f1ado para ti: personalizado, confiable y lleno de acompa\u00f1amiento. Servicio Personalizado CAS En CAS no solo encuentras un lugar donde vivir: encuentras una [&hellip;]<\/p>\n","protected":false},"author":163,"featured_media":0,"parent":0,"menu_order":0,"comment_status":"closed","ping_status":"closed","template":"","meta":{"_acf_changed":false,"footnotes":""},"class_list":["post-18474","page","type-page","status-publish","hentry"],"acf":[],"_links":{"self":[{"href":"https:\/\/classeducation.com\/en\/wp-json\/wp\/v2\/pages\/18474","targetHints":{"allow":["GET"]}}],"collection":[{"href":"https:\/\/classeducation.com\/en\/wp-json\/wp\/v2\/pages"}],"about":[{"href":"https:\/\/classeducation.com\/en\/wp-json\/wp\/v2\/types\/page"}],"author":[{"embeddable":true,"href":"https:\/\/classeducation.com\/en\/wp-json\/wp\/v2\/users\/163"}],"replies":[{"embeddable":true,"href":"https:\/\/classeducation.com\/en\/wp-json\/wp\/v2\/comments?post=18474"}],"version-history":[{"count":64,"href":"https:\/\/classeducation.com\/en\/wp-json\/wp\/v2\/pages\/18474\/revisions"}],"predecessor-version":[{"id":18730,"href":"https:\/\/classeducation.com\/en\/wp-json\/wp\/v2\/pages\/18474\/revisions\/18730"}],"wp:attachment":[{"href":"https:\/\/classeducation.com\/en\/wp-json\/wp\/v2\/media?parent=18474"}],"curies":[{"name":"wp","href":"https:\/\/api.w.org\/{rel}","templated":true}]}}