{"id":18037,"date":"2023-01-26T15:53:09","date_gmt":"2023-01-26T21:53:09","guid":{"rendered":"https:\/\/classeducation.com\/?page_id=18037"},"modified":"2023-01-26T16:26:13","modified_gmt":"2023-01-26T22:26:13","slug":"documentacion-requerida","status":"publish","type":"page","link":"https:\/\/classeducation.com\/en\/documentacion-requerida\/","title":{"rendered":"Documentaci\u00f3n requerida"},"content":{"rendered":"<div data-elementor-type=\"wp-page\" data-elementor-id=\"18037\" class=\"elementor elementor-18037\" data-elementor-post-type=\"page\">\n\t\t\t\t\t\t<section data-particle_enable=\"false\" data-particle-mobile-disabled=\"false\" class=\"elementor-section elementor-top-section elementor-element elementor-element-e0bb325 elementor-section-height-min-height elementor-section-boxed elementor-section-height-default elementor-section-items-middle\" data-id=\"e0bb325\" data-element_type=\"section\" data-e-type=\"section\" data-settings=\"{&quot;background_background&quot;:&quot;classic&quot;}\">\n\t\t\t\t\t\t\t<div class=\"elementor-background-overlay\"><\/div>\n\t\t\t\t\t\t\t<div class=\"elementor-container elementor-column-gap-default\">\n\t\t\t\t\t<div class=\"elementor-column elementor-col-100 elementor-top-column elementor-element elementor-element-ab9446a\" data-id=\"ab9446a\" data-element_type=\"column\" data-e-type=\"column\">\n\t\t\t<div class=\"elementor-widget-wrap elementor-element-populated\">\n\t\t\t\t\t\t<div class=\"elementor-element elementor-element-8f50218 shadow elementor-widget elementor-widget-text-editor\" data-id=\"8f50218\" data-element_type=\"widget\" data-e-type=\"widget\" data-widget_type=\"text-editor.default\">\n\t\t\t\t<div class=\"elementor-widget-container\">\n\t\t\t\t\t\t\t\t\t<p>Documentaci\u00f3n requerida<\/p>\t\t\t\t\t\t\t\t<\/div>\n\t\t\t\t<\/div>\n\t\t\t\t\t<\/div>\n\t\t<\/div>\n\t\t\t\t\t<\/div>\n\t\t<\/section>\n\t\t\t\t<section data-particle_enable=\"false\" data-particle-mobile-disabled=\"false\" class=\"elementor-section elementor-top-section elementor-element elementor-element-a4cca1e elementor-section-boxed elementor-section-height-default elementor-section-height-default\" data-id=\"a4cca1e\" data-element_type=\"section\" data-e-type=\"section\">\n\t\t\t\t\t\t<div class=\"elementor-container elementor-column-gap-default\">\n\t\t\t\t\t<div class=\"elementor-column elementor-col-100 elementor-top-column elementor-element elementor-element-de185af\" data-id=\"de185af\" data-element_type=\"column\" data-e-type=\"column\">\n\t\t\t<div class=\"elementor-widget-wrap elementor-element-populated\">\n\t\t\t\t\t\t<div class=\"elementor-element elementor-element-9b5760e elementor-widget-divider--view-line elementor-widget elementor-widget-divider\" data-id=\"9b5760e\" data-element_type=\"widget\" data-e-type=\"widget\" data-widget_type=\"divider.default\">\n\t\t\t\t<div class=\"elementor-widget-container\">\n\t\t\t\t\t\t\t<div class=\"elementor-divider\">\n\t\t\t<span class=\"elementor-divider-separator\">\n\t\t\t\t\t\t<\/span>\n\t\t<\/div>\n\t\t\t\t\t\t<\/div>\n\t\t\t\t<\/div>\n\t\t\t\t<div class=\"elementor-element elementor-element-bb11378 elementor-widget elementor-widget-text-editor\" data-id=\"bb11378\" data-element_type=\"widget\" data-e-type=\"widget\" data-widget_type=\"text-editor.default\">\n\t\t\t\t<div class=\"elementor-widget-container\">\n\t\t\t\t\t\t\t\t\t<h2>toma nota<\/h2>\t\t\t\t\t\t\t\t<\/div>\n\t\t\t\t<\/div>\n\t\t\t\t<div class=\"elementor-element elementor-element-431d700 elementor-widget elementor-widget-text-editor\" data-id=\"431d700\" data-element_type=\"widget\" data-e-type=\"widget\" data-widget_type=\"text-editor.default\">\n\t\t\t\t<div class=\"elementor-widget-container\">\n\t\t\t\t\t\t\t\t\t<p>Prepara la documentaci\u00f3n necesar\u00eda de acuerdo al programa que vas a aplicar y tenla lista para entregarsela a tu asesor CLASS Education.<\/p>\t\t\t\t\t\t\t\t<\/div>\n\t\t\t\t<\/div>\n\t\t\t\t\t<\/div>\n\t\t<\/div>\n\t\t\t\t\t<\/div>\n\t\t<\/section>\n\t\t\t\t<section data-particle_enable=\"false\" data-particle-mobile-disabled=\"false\" class=\"elementor-section elementor-top-section elementor-element elementor-element-fc772f8 elementor-section-boxed elementor-section-height-default elementor-section-height-default\" data-id=\"fc772f8\" data-element_type=\"section\" data-e-type=\"section\">\n\t\t\t\t\t\t<div class=\"elementor-container elementor-column-gap-default\">\n\t\t\t\t\t<div class=\"elementor-column elementor-col-100 elementor-top-column elementor-element elementor-element-69489fd\" data-id=\"69489fd\" data-element_type=\"column\" data-e-type=\"column\">\n\t\t\t<div class=\"elementor-widget-wrap elementor-element-populated\">\n\t\t\t\t\t\t<div class=\"elementor-element elementor-element-684591f elementor-widget elementor-widget-text-editor\" data-id=\"684591f\" data-element_type=\"widget\" data-e-type=\"widget\" data-widget_type=\"text-editor.default\">\n\t\t\t\t<div class=\"elementor-widget-container\">\n\t\t\t\t\t\t\t\t\t<p><strong>COLLEGE &amp; UNIVERSITY<\/strong><\/p>\t\t\t\t\t\t\t\t<\/div>\n\t\t\t\t<\/div>\n\t\t\t\t<div class=\"elementor-element elementor-element-616c996 elementor-widget elementor-widget-text-editor\" data-id=\"616c996\" data-element_type=\"widget\" data-e-type=\"widget\" data-widget_type=\"text-editor.default\">\n\t\t\t\t<div class=\"elementor-widget-container\">\n\t\t\t\t\t\t\t\t\t<ul><li>APP form de la escuela<\/li><li>Cardex (T\u00e9rminos y Condiciones de CLASS Education)<\/li><li>Pasaporte<\/li><li>Certificado del idioma<\/li><li>Calificaciones<\/li><li>Diploma (calificaciones de preparatoria y diploma de termino)<\/li><li>Posgrado (calificaciones de licenciatura, titulo y diploma)<br \/><br \/><\/li><\/ul><p>Nota: dependiendo la escuela y programa al que se aplique se pueden solicitar documentos adicionales.<\/p>\t\t\t\t\t\t\t\t<\/div>\n\t\t\t\t<\/div>\n\t\t\t\t\t<\/div>\n\t\t<\/div>\n\t\t\t\t\t<\/div>\n\t\t<\/section>\n\t\t\t\t<section data-particle_enable=\"false\" data-particle-mobile-disabled=\"false\" class=\"elementor-section elementor-top-section elementor-element elementor-element-1374609 elementor-section-boxed elementor-section-height-default elementor-section-height-default\" data-id=\"1374609\" data-element_type=\"section\" data-e-type=\"section\">\n\t\t\t\t\t\t<div class=\"elementor-container elementor-column-gap-default\">\n\t\t\t\t\t<div class=\"elementor-column elementor-col-100 elementor-top-column elementor-element elementor-element-f23d4c0\" data-id=\"f23d4c0\" data-element_type=\"column\" data-e-type=\"column\">\n\t\t\t<div class=\"elementor-widget-wrap elementor-element-populated\">\n\t\t\t\t\t\t<div class=\"elementor-element elementor-element-85d834c elementor-widget elementor-widget-text-editor\" data-id=\"85d834c\" data-element_type=\"widget\" data-e-type=\"widget\" data-widget_type=\"text-editor.default\">\n\t\t\t\t<div class=\"elementor-widget-container\">\n\t\t\t\t\t\t\t\t\t<p><strong>STUDY AND WORK<\/strong><\/p>\t\t\t\t\t\t\t\t<\/div>\n\t\t\t\t<\/div>\n\t\t\t\t<div class=\"elementor-element elementor-element-2283f0a elementor-widget elementor-widget-text-editor\" data-id=\"2283f0a\" data-element_type=\"widget\" data-e-type=\"widget\" data-widget_type=\"text-editor.default\">\n\t\t\t\t<div class=\"elementor-widget-container\">\n\t\t\t\t\t\t\t\t\t<ul><li>APP form de la escuela<\/li><li>Cardex (T\u00e9rminos y Condiciones de CLASS Education)<\/li><li>Pasaporte<\/li><li><p>Certificado de bachillerato<\/p><\/li><\/ul><p>Nota: dependiendo la escuela y programa al que se aplique se pueden solicitar documentos adicionales.<\/p>\t\t\t\t\t\t\t\t<\/div>\n\t\t\t\t<\/div>\n\t\t\t\t\t<\/div>\n\t\t<\/div>\n\t\t\t\t\t<\/div>\n\t\t<\/section>\n\t\t\t\t<section data-particle_enable=\"false\" data-particle-mobile-disabled=\"false\" class=\"elementor-section elementor-top-section elementor-element elementor-element-c912956 elementor-section-boxed elementor-section-height-default elementor-section-height-default\" data-id=\"c912956\" data-element_type=\"section\" data-e-type=\"section\">\n\t\t\t\t\t\t<div class=\"elementor-container elementor-column-gap-default\">\n\t\t\t\t\t<div class=\"elementor-column elementor-col-100 elementor-top-column elementor-element elementor-element-02c7045\" data-id=\"02c7045\" data-element_type=\"column\" data-e-type=\"column\">\n\t\t\t<div class=\"elementor-widget-wrap elementor-element-populated\">\n\t\t\t\t\t\t<div class=\"elementor-element elementor-element-f2eebe7 elementor-widget elementor-widget-text-editor\" data-id=\"f2eebe7\" data-element_type=\"widget\" data-e-type=\"widget\" data-widget_type=\"text-editor.default\">\n\t\t\t\t<div class=\"elementor-widget-container\">\n\t\t\t\t\t\t\t\t\t<p><strong>LANGUAGES<br \/><\/strong><\/p><ul><li>APP form de la escuela<\/li><li>Cardex (T\u00e9rminos y Condiciones de CLASS Education)<\/li><li>Pasaporte<\/li><li>Datos de vuelo redondo<\/li><\/ul><p>Nota: dependiendo la escuela y programa al que se aplique se pueden solicitar documentos adicionales.<\/p>\t\t\t\t\t\t\t\t<\/div>\n\t\t\t\t<\/div>\n\t\t\t\t\t<\/div>\n\t\t<\/div>\n\t\t\t\t\t<\/div>\n\t\t<\/section>\n\t\t\t\t<section data-particle_enable=\"false\" data-particle-mobile-disabled=\"false\" class=\"elementor-section elementor-top-section elementor-element elementor-element-aad571b elementor-section-boxed elementor-section-height-default elementor-section-height-default\" data-id=\"aad571b\" data-element_type=\"section\" data-e-type=\"section\">\n\t\t\t\t\t\t<div class=\"elementor-container elementor-column-gap-default\">\n\t\t\t\t\t<div class=\"elementor-column elementor-col-100 elementor-top-column elementor-element elementor-element-f991a71\" data-id=\"f991a71\" data-element_type=\"column\" data-e-type=\"column\">\n\t\t\t<div class=\"elementor-widget-wrap elementor-element-populated\">\n\t\t\t\t\t\t<div class=\"elementor-element elementor-element-dbfda71 elementor-widget elementor-widget-text-editor\" data-id=\"dbfda71\" data-element_type=\"widget\" data-e-type=\"widget\" data-widget_type=\"text-editor.default\">\n\t\t\t\t<div class=\"elementor-widget-container\">\n\t\t\t\t\t\t\t\t\t<p><strong>MIDDLE &amp; HIGH SCHOOL<br \/><\/strong><\/p><ul><li>APP form de la escuela<\/li><li>Cardex (T\u00e9rminos y Condiciones de CLASS Education)<\/li><li>Pasaporte<\/li><li>Birth certificate<\/li><li>Calificaciones de 2 grados anteriores<\/li><li>Certificado de vacunaci\u00f3n COVID<\/li><li>Medical Information Form<\/li><li>Certificado de vacunas<\/li><li>Datos personales de padres (nombre completo, fecha de nacimiento, correo electr\u00f3nico de ambos, tel\u00e9fono y domicilio de cada uno)<\/li><\/ul><p>Nota: dependiendo la escuela y programa al que se aplique se pueden solicitar documentos adicionales.<\/p>\t\t\t\t\t\t\t\t<\/div>\n\t\t\t\t<\/div>\n\t\t\t\t\t<\/div>\n\t\t<\/div>\n\t\t\t\t\t<\/div>\n\t\t<\/section>\n\t\t\t\t<section data-particle_enable=\"false\" data-particle-mobile-disabled=\"false\" class=\"elementor-section elementor-top-section elementor-element elementor-element-e0135dd elementor-section-boxed elementor-section-height-default elementor-section-height-default\" data-id=\"e0135dd\" data-element_type=\"section\" data-e-type=\"section\">\n\t\t\t\t\t\t<div class=\"elementor-container elementor-column-gap-default\">\n\t\t\t\t\t<div class=\"elementor-column elementor-col-100 elementor-top-column elementor-element elementor-element-6c0813e\" data-id=\"6c0813e\" data-element_type=\"column\" data-e-type=\"column\">\n\t\t\t<div class=\"elementor-widget-wrap elementor-element-populated\">\n\t\t\t\t\t\t<div class=\"elementor-element elementor-element-5afe0ba elementor-widget elementor-widget-text-editor\" data-id=\"5afe0ba\" data-element_type=\"widget\" data-e-type=\"widget\" data-widget_type=\"text-editor.default\">\n\t\t\t\t<div class=\"elementor-widget-container\">\n\t\t\t\t\t\t\t\t\t<p><strong>CAMPS<br \/><\/strong><\/p><ul><li>APP form de la escuela<\/li><li>Cardex (T\u00e9rminos y Condiciones de CLASS Education)<\/li><li>Pasaporte<\/li><\/ul><p>Nota: dependiendo la escuela y programa al que se aplique se pueden solicitar documentos adicionales.<\/p>\t\t\t\t\t\t\t\t<\/div>\n\t\t\t\t<\/div>\n\t\t\t\t\t<\/div>\n\t\t<\/div>\n\t\t\t\t\t<\/div>\n\t\t<\/section>\n\t\t\t\t<\/div>","protected":false},"excerpt":{"rendered":"<p>Documentaci\u00f3n requerida toma nota Prepara la documentaci\u00f3n necesar\u00eda de acuerdo al programa que vas a aplicar y tenla lista para entregarsela a tu asesor CLASS Education. COLLEGE &amp; UNIVERSITY APP form de la escuela Cardex (T\u00e9rminos y Condiciones de CLASS Education) Pasaporte Certificado del idioma Calificaciones Diploma (calificaciones de preparatoria y diploma de termino) Posgrado [&hellip;]<\/p>\n","protected":false},"author":163,"featured_media":0,"parent":0,"menu_order":0,"comment_status":"closed","ping_status":"closed","template":"","meta":{"_acf_changed":false,"footnotes":""},"class_list":["post-18037","page","type-page","status-publish","hentry"],"acf":[],"_links":{"self":[{"href":"https:\/\/classeducation.com\/en\/wp-json\/wp\/v2\/pages\/18037","targetHints":{"allow":["GET"]}}],"collection":[{"href":"https:\/\/classeducation.com\/en\/wp-json\/wp\/v2\/pages"}],"about":[{"href":"https:\/\/classeducation.com\/en\/wp-json\/wp\/v2\/types\/page"}],"author":[{"embeddable":true,"href":"https:\/\/classeducation.com\/en\/wp-json\/wp\/v2\/users\/163"}],"replies":[{"embeddable":true,"href":"https:\/\/classeducation.com\/en\/wp-json\/wp\/v2\/comments?post=18037"}],"version-history":[{"count":37,"href":"https:\/\/classeducation.com\/en\/wp-json\/wp\/v2\/pages\/18037\/revisions"}],"predecessor-version":[{"id":18076,"href":"https:\/\/classeducation.com\/en\/wp-json\/wp\/v2\/pages\/18037\/revisions\/18076"}],"wp:attachment":[{"href":"https:\/\/classeducation.com\/en\/wp-json\/wp\/v2\/media?parent=18037"}],"curies":[{"name":"wp","href":"https:\/\/api.w.org\/{rel}","templated":true}]}}