{"id":17547,"date":"2022-06-21T22:35:44","date_gmt":"2022-06-22T03:35:44","guid":{"rendered":"https:\/\/classeducation.com\/?page_id=17547"},"modified":"2022-06-21T22:59:46","modified_gmt":"2022-06-22T03:59:46","slug":"terminos-y-condiciones","status":"publish","type":"page","link":"https:\/\/classeducation.com\/en\/terminos-y-condiciones\/","title":{"rendered":"T\u00e9rminos y Condiciones"},"content":{"rendered":"<div data-elementor-type=\"wp-page\" data-elementor-id=\"17547\" class=\"elementor elementor-17547\" data-elementor-post-type=\"page\">\n\t\t\t\t\t\t<section data-particle_enable=\"false\" data-particle-mobile-disabled=\"false\" class=\"elementor-section elementor-top-section elementor-element elementor-element-d546f4c elementor-section-height-min-height elementor-section-boxed elementor-section-height-default elementor-section-items-middle\" data-id=\"d546f4c\" data-element_type=\"section\" data-e-type=\"section\" data-settings=\"{&quot;background_background&quot;:&quot;classic&quot;}\">\n\t\t\t\t\t\t\t<div class=\"elementor-background-overlay\"><\/div>\n\t\t\t\t\t\t\t<div class=\"elementor-container elementor-column-gap-default\">\n\t\t\t\t\t<div class=\"elementor-column elementor-col-100 elementor-top-column elementor-element elementor-element-3a75cfe\" data-id=\"3a75cfe\" data-element_type=\"column\" data-e-type=\"column\">\n\t\t\t<div class=\"elementor-widget-wrap elementor-element-populated\">\n\t\t\t\t\t\t<div class=\"elementor-element elementor-element-efbd900 shadow elementor-widget elementor-widget-text-editor\" data-id=\"efbd900\" data-element_type=\"widget\" data-e-type=\"widget\" data-widget_type=\"text-editor.default\">\n\t\t\t\t<div class=\"elementor-widget-container\">\n\t\t\t\t\t\t\t\t\t<p>T\u00e9rminos y Condiciones<\/p>\t\t\t\t\t\t\t\t<\/div>\n\t\t\t\t<\/div>\n\t\t\t\t\t<\/div>\n\t\t<\/div>\n\t\t\t\t\t<\/div>\n\t\t<\/section>\n\t\t\t\t<section data-particle_enable=\"false\" data-particle-mobile-disabled=\"false\" class=\"elementor-section elementor-top-section elementor-element elementor-element-fe126a1 elementor-section-boxed elementor-section-height-default elementor-section-height-default\" data-id=\"fe126a1\" data-element_type=\"section\" data-e-type=\"section\">\n\t\t\t\t\t\t<div class=\"elementor-container elementor-column-gap-default\">\n\t\t\t\t\t<div class=\"elementor-column elementor-col-100 elementor-top-column elementor-element elementor-element-96202c7\" data-id=\"96202c7\" data-element_type=\"column\" data-e-type=\"column\">\n\t\t\t<div class=\"elementor-widget-wrap elementor-element-populated\">\n\t\t\t\t\t\t<div class=\"elementor-element elementor-element-2acb368 elementor-widget elementor-widget-text-editor\" data-id=\"2acb368\" data-element_type=\"widget\" data-e-type=\"widget\" data-widget_type=\"text-editor.default\">\n\t\t\t\t<div class=\"elementor-widget-container\">\n\t\t\t\t\t\t\t\t\t<p class=\"p1\"><b>1.Declaraci\u00f3n. <\/b>CLASS Education es el nombre y marca registrada de CLASS Consulting, S.C.,legalmente constituida conforme a las leyes mexicanas.<\/p><p class=\"p1\"><b>2.Inscripci\u00f3n. <\/b>A la firma del presente contrato, CLASS Education ofrecer\u00e1 el servicio de consultor\u00eda, intermediaci\u00f3n, tr\u00e1mite y registro para estudios en el extranjero de acuerdo a los requisitos, pol\u00edticas y criterios de elegibilidad de la Instituci\u00f3n Educativa del extranjero; asimismo, la coordinaci\u00f3n de alojamientos y coordinacio<span class=\"s1\">\u0301<\/span>n para la contratacio<span class=\"s1\">\u0301<\/span>n de seguro de gastos me<span class=\"s1\">\u0301<\/span>dicos; por tal motivo,CLASS Education no sera<span class=\"s1\">\u0301 <\/span>responsable de ningu<span class=\"s1\">\u0301<\/span>n acto si la documentacio<span class=\"s1\">\u0301<\/span>n requerida para la inscripci\u00f3n no la provee el Cliente en tiempo y forma solicitados as\u00ed como tampoco si la informaci\u00f3n personal proporcionada por el Cliente no es veraz.<\/p><p class=\"p2\"><b>3.Pagos. <\/b>Los pagos realizados por el Cliente en moneda nacional ser\u00e1n convertidos a su equivalente en la moneda extranjera de acuerdo con el monto establecido en el presupuesto, con base al tipo de cambio publicado por CLASS Education, en la fecha de cada pago realizado respectivamente. El tipo de cambio ser\u00e1 provisto por CLASS Education a solicitud del Cliente v\u00eda telef\u00f3nica o a trav\u00e9s de medios electr\u00f3nicos. Se podr\u00e1 respetar el monto total o parcial abonado en moneda extranjera, por un periodo no mayor a 12 meses; en caso de posponer el inicio del proyecto por un periodo mayor, el saldo se recalculara<span class=\"s1\">\u0301 <\/span>en funcio<span class=\"s1\">\u0301<\/span>n del tipo de cambio vigente. Se realizara<span class=\"s1\">\u0301 <\/span>el u<span class=\"s1\">\u0301<\/span>ltimo pago y total del presupuesto a ma<span class=\"s1\">\u0301<\/span>s tardar 30 di<span class=\"s1\">\u0301<\/span>as antes de la fecha de inicio del curso o en caso de que se establezca una fecha li<span class=\"s1\">\u0301<\/span>mite de pago por parte de la institucio<span class=\"s1\">\u0301<\/span>n educativa, por lo menos 10 di<span class=\"s1\">\u0301<\/span>as antes de la misma. Es responsabilidad del cliente notificar los dep\u00f3sitos realizados en tiempo y formaa su ejecutivo y al correo de <span class=\"s2\">pagos@classeducation.com <\/span>indicando el nombre completo delestudiante, de lo contrario el monto en moneda extranjera se puede ver afectado por el tipo decambio del d\u00eda que se este reportando. En caso de alg\u00fan retraso en el pago, \u00e9ste deber\u00e1 sernotificado con antelaci\u00f3n y aprobado por la instituci\u00f3n en el extranjero, de lo contrario, existe el riesgo de recibir alguna penalizaci\u00f3n por parte de la instituci\u00f3n educativa o perdida del espacio enla misma. En caso de acuerdos de planes de pagos con CLASS Education, el cliente se compromete a cubrir el total del presupuesto en la fecha limite establecida, en caso de sobrepasar dicha fechase incurrir\u00e1 en una penalizaci\u00f3n del 2% semanal sobre el saldo que se adeude, adicional a laspenalizaciones que la escuela indique de acuerdo a sus pol\u00edticas de pago, considerando que enalgunos casos puede incurrir en la p\u00e9rdida del espacio en el programa de estudio. Los gastosincurridos por el alumno durante su estancia en la instituci\u00f3n educativa son responsabilidad de este,frente al prestador de servicios y\/o la instituci\u00f3n educativa. Deber\u00e1n ser pagados y cubiertos por elcliente de manera directa a la instituci\u00f3n, de lo contrario CLASS Education cobrar\u00e1 $150CAD adicionales por realizar el seguimiento y pago de esos gastos. El monto del presupuesto puede cambiar por fluctuaciones que repercuten en el valor de la moneda o por pol\u00edticas ajenas a CLASSEducation. Dichos pagos deber\u00e1n ser realizados a:<\/p><p class=\"p2\">A)Dep\u00f3sito \/ Transferencia Bancaria a Cuentas Mexicanas (MXN):<\/p><table class=\"t1\" cellspacing=\"0\" cellpadding=\"0\"><tbody><tr><td class=\"td1\" valign=\"top\"><p class=\"p1\"><b>BANAMEX<span class=\"Apple-converted-space\">\u00a0<\/span><\/b><\/p><\/td><td class=\"td1\" valign=\"top\"><p class=\"p1\"><b>SCOTIABANK M\u00c9XICO<span class=\"Apple-converted-space\">\u00a0<\/span><\/b><\/p><\/td><\/tr><tr><td class=\"td1\" valign=\"top\"><p class=\"p1\">Sucursal: 0947<span class=\"Apple-converted-space\">\u00a0<\/span><\/p><p class=\"p1\">Cuenta: 6535279 a nombre de CLASS Consulting, S.C.<span class=\"Apple-converted-space\">\u00a0<\/span><\/p><p class=\"p1\">CLABE: 002 180 09476535279 4<span class=\"Apple-converted-space\">\u00a0<\/span><\/p><\/td><td class=\"td1\" valign=\"top\"><p class=\"p1\">Sucursal: 015<span class=\"Apple-converted-space\">\u00a0<\/span><\/p><p class=\"p1\">Cuenta: 00101204661 a nombre de CLASS Consulting, S.C.<span class=\"Apple-converted-space\">\u00a0<\/span><\/p><p class=\"p1\">CLABE: 044 180 00101204661 0<span class=\"Apple-converted-space\">\u00a0<\/span><\/p><\/td><\/tr><\/tbody><\/table><p class=\"p1\">B)Dep\u00f3sito \/ Transferencia Bancaria a Cuenta Canadiense (CAD):<\/p><p class=\"p1\">Beneficiary: CLASS Consulting SC<\/p><p class=\"p1\">Bank Name: Bank of Nova Scotia \u2013 Scotiabank Canada<\/p><p class=\"p1\">Bank Address: Suite 200, 1002 rue Sherbrooke O., Montr\u00e9al, QC H3A 3L6, Canada Account Number:900010040312<\/p><p class=\"p1\">SWIFT Code: NOSCCATTMTL<\/p><p class=\"p1\">Transit Number: 90001<\/p><p class=\"p1\">Referencia: Primer Nombre y Primer Apellido del Estudiante + N\u00famero de Estudiante<\/p><p class=\"p2\"><b>4.Inicio de Tr\u00e1mite. <\/b>Para iniciar el tr\u00e1mite de inscripci\u00f3n al programa de estudios de inter\u00e9s, es necesario efectuar un primer dep\u00f3sito que variar\u00e1 en monto en funci\u00f3n del programa seleccionado. En caso de que el cliente seleccione dos o m\u00e1s programas, ser\u00e1 requerido dicho dep\u00f3sito para cada uno de ellos y en forma independiente. Una vez confirmada la recepci\u00f3n del pago inicial, CLASS Education dar\u00e1 inicio al tr\u00e1mite de registro. El pago inicial referido en esta cl\u00e1usula ser\u00e1 utilizado para cubrir los gastos administrativos de CLASS, el pago de la(s) ficha(s) de registro a la(s) institucio<span class=\"s1\">\u0301<\/span>n(es) educativa(s), asi<span class=\"s1\">\u0301 <\/span>como gastos asociados al proceso de registro de una o dos instituciones educativas, tales como; traducciones y otros. Si hubiera un saldo a favor del cliente tras consumir conforme se avance con los gastos ya referidos, se podr\u00e1 utilizar como pago para colegiatura, de lo contrario, el resto deber\u00e1<span class=\"s1\">\u0301 <\/span>ser cubierto por el estudiante antes de iniciar su programa, o bien antes de que se solicite el servicio o tra<span class=\"s1\">\u0301<\/span>mite faltante, mediante aviso de CLASS Education. Este monto varia dependiendo del costo en el momento de los gastos mencionados.Todo pago y gasto incurrido ser\u00e1 mostrado al cliente en un estado de cuenta que proporcionar\u00e1 CLASS Education.<\/p><p class=\"p2\"><b>5.Visas<\/b>. Dependiendo del pa\u00eds al que viaje el estudiante y de acuerdo a la duraci\u00f3n del curso, es probable que el estudiante requiera una visa o permiso para ingresar al pa\u00eds destino. CLASS Education puede apoyar en la realizaci\u00f3n de estos tr\u00e1mites a solicitud del estudiante o de sus padres, fungiendo como asesor y facilitador para reunir toda la documentaci\u00f3n necesaria. La celebracio<span class=\"s1\">\u0301<\/span>n del tra<span class=\"s1\">\u0301<\/span>mite sera<span class=\"s1\">\u0301 <\/span>entre el estudiante y la embajada del pai<span class=\"s1\">\u0301<\/span>s correspondiente, teniendo que pagar el estudiante el costo del tra<span class=\"s1\">\u0301<\/span>mite y una cuota por los servicios de CLASS Education. La autorizaci\u00f3n de la visa y el tiempo de respuesta final al tr\u00e1mite, ser\u00e1<span class=\"s1\">\u0301 <\/span>decisi\u00f3n exclusiva de la Embajada del pai<span class=\"s1\">\u0301<\/span>s emisor de la visa. CLASS Education \u00fanicamente funge como asesor y facilitador de permiso de estancia corta y Visas de estudiante. Lo que refiere a tr\u00e1mites para permisos \u00fanicamente de trabajo, o permiso de trabajo para el familiar de un estudiante ser\u00e1 mediante otro proveedor que puede o no ser sugerido por CLASS Education.<\/p><p><b>6.Seguro. <\/b>Es obligaci\u00f3n del Cliente estar asegurado durante su estancia en el extranjero, por lo que CLASS Education recomienda la adquisici\u00f3n del Seguro de asistencia m\u00e9dica. En caso de que dicho seguro sea adquirido por medio de CLASS Education, \u00e9ste solamente actuar\u00e1 como agente de la empresa aseguradora, pero los derechos y obligaciones del Seguro y del Asegurado estar\u00e1n definidos por el contrato de la Empresa Aseguradora y de acuerdo con la p\u00f3liza emitida.<\/p><p><b>7.Cancelaciones y cambios. <\/b>En caso de cambios sobre la reserva de servicios original solicitada por el cliente al momento de la firma del presente contrato, relacionada con; el programa de estudios, alojamiento, seguros m\u00e9dicos, traslados o cualquier servicio adicional que se haya reservado por medio de CLASS Education sin importar el motivo, ser\u00e1n aplicables las pol\u00edticas y\/o penalizaciones de la Instituci\u00f3n Educativa, Agencia de Alojamiento y\/o Compa\u00f1\u00eda emisora del servicio seg\u00fan sea el caso. En caso de cancelacio<span class=\"s1\">\u0301<\/span>n de servicio(s), se aplicara<span class=\"s1\">\u0301<\/span>n las poli<span class=\"s1\">\u0301<\/span>ticas pertinentes de cada institucio<span class=\"s1\">\u0301<\/span>n y se contemplara<span class=\"s1\">\u0301 <\/span>un cargo administrativo que variar\u00e1 entre el 10% y el 20% del presupuesto total. Asimismo, el cliente acepta que no se efectuar\u00e1 reembolso alguno de servicios que hayan sido utilizados, a reserva de que el prestador de servicios as\u00ed lo especifique. Tanto los cambios o cancelaciones sobre una reserva deber\u00e1n ser solicitados por el Cliente por escrito v\u00eda email a personal de CLASS Education (no se aceptar\u00e1n cambios o cancelaciones por whatsapp).<\/p><p class=\"p1\"><b>8.Reembolsos.<\/b>El cliente deber\u00e1 solicitar el reembolso por escrito al correo de <a title=\"mailto:cancelaciones@classeducation.com\" contenteditable=\"false\" href=\"mailto:cancelaciones@classeducation.com\">cancelaciones@classeducation.com<\/a> explicando los motivos por los cuales se solicita que se genere. Toda solicitud estar\u00e1 sujeta a las pol\u00edticas de la Instituci\u00f3n Educativa, Agencia de Alojamiento y\/o Compa\u00f1\u00eda Aseguradora de acuerdo con las pol\u00edticas y tiempos de cada una. El reembolso solicitado respecto al monto destinado al pago de derechos y gesti\u00f3n de la visa proceder\u00e1 \u00fanicamente, si los gastos para su tr\u00e1mite no han sido realizados por CLASS Education. De igual manera, cualquier gasto administrativo en el que se haya incurrido con motivo del (de los) tra\u0301mite(s) ser\u00e1 sujeto a la valoracio\u0301n de CLASS Education y, en caso de que proceda, sera\u0301 avisado al cliente vi\u0301a correo electro\u0301nico, una vez firmada la carta acuerdo del importe y la fecha de reintegro del reembolso, por favor considerar que el tiempo del reembolso depender\u00e1 del momento en que la Instituci\u00f3n o proveedor haya reembolsado a CLASS Education, una vez cumplidas ambas condiciones antes mencionadas empezar\u00e1n a correr de 30 a 90 d\u00edas h\u00e1biles para el reintegro del reembolso en una o varias parcialidades seg\u00fan se haya acordado. \u00a0CLASS Education se compromete a reembolsar el 50% de los gastos administrativos referidos anteriormente, \u00fanicamente en caso de rechazo por parte de la Instituci\u00f3n Educativa o de un rechazo de visa por parte de la Embajada, de lo contrario, los gastos administrativos no ser\u00e1n reembolsables al 100%. El cliente tiene un m\u00e1ximo de 12 meses a partir de la fecha de su \u00faltimo pago para solicitar el reembolso, de otra manera, acepta que pierde su derecho a solicitarlo parcial o totalmente. Todo tr\u00e1mite de esta \u00edndole est\u00e1 sujeto a retenciones bancarias que no son decisi\u00f3n de CLASS Education sino de la instituci\u00f3n financiera con la que se tramite. Todo reembolso se realiza \u00fanicamente a trav\u00e9s de transferencia interbancaria a una cuenta de cheques o de d\u00e9bito.<\/p><p class=\"p1\"><b>9.Transporte A\u00e9reo. <\/b>CLASS Education ofrecer\u00e1 al cliente alternativas para la adquisici\u00f3n del boleto de avi\u00f3n; la adquisici\u00f3n de este es la celebraci\u00f3n del acto entre el Cliente y la L\u00ednea A\u00e9rea; por tal motivo, CLASS Education no ser\u00e1 responsable de p\u00e9rdidas de equipaje, p\u00e9rdida de vuelo, retrasos, cambio de itinerario ni de situaci\u00f3n an\u00e1loga cuya responsabilidad corresponda directamente a laL\u00ednea A\u00e9rea. CLASS Education declina responsabilidad alguna por la negligencia, caso fortuito o de fuerza mayor por alguna de las partes que celebraron la adquisici\u00f3n del boleto de avi\u00f3n. En todo momento CLASS Education fungir\u00e1 como un asesor y un aliado para resolver cualquier inconveniente suscitado antes, durante y\/o despue<span class=\"s1\">\u0301<\/span>s de realizar el viaje de estudios al extranjero.<\/p><p class=\"p1\"><b>10.Alojamiento. <\/b>CLASS Education ofrecer\u00e1 al cliente alternativas para el alojamiento en el destino, ya sea relacionado con la instituci\u00f3n educativa o por medio de otras empresas proveedoras de dicho servicio; al incluir este servicio dentro de la factura de CLASS, el pago del mismo representa \u00fanicamente la celebraci\u00f3n del acto entre el Cliente y la empresa proveedora del servicio de alojamiento; por tal motivo, CLASS Education no ser\u00e1<span class=\"s1\">\u0301 <\/span>responsable, en forma enunciativa mas no limitativa, de: problemas con el servicio solicitado, pe<span class=\"s1\">\u0301<\/span>rdidas de pertenencias o equipaje, faltas u omisiones en los niveles de servicio ofrecidos por la misma compa\u00f1\u00eda proveedora del servicio de alojamiento, ni de situaci\u00f3n an\u00e1loga cuya responsabilidad corresponda directamente a dichaempresa. CLASS Education declina responsabilidad alguna por la negligencia, caso fortuito o defuerza mayor por alguna de las partes que celebraron la adquisici\u00f3n de dicho servicio. CLASSEducation puede ayudar a realizar aplicaci\u00f3n de residencia en College con un cargo por gastos administrativos adicional que sera<span class=\"s1\">\u0301 <\/span>cotizado debidamente al cliente. En todo momento CLASSEducation fungira<span class=\"s1\">\u0301 <\/span>como un asesor y un aliado para resolver cualquier inconveniente suscitado antes,durante y\/o despu\u00e9s de realizar el viaje de estudios al extranjero, hasta donde su responsabilidad y acceso a informaci\u00f3n como tercero le permita.<\/p><p class=\"p1\"><b>11.Entrega de Documentos<\/b>. La entrega de los documentos de la Instituci\u00f3n Educativa y dem\u00e1s servicios solicitados, necesarios para el viaje del estudiante se llevar\u00e1 a cabo en el transcurso de los \u00faltimos 15 d\u00edas previos a la fecha del vuelo programado, \u00fanicamente de forma electr\u00f3nica. En caso de requerir documentos f\u00edsicos, el cliente deber\u00e1<span class=\"s1\">\u0301 <\/span>cubrir el costo del servicio de entrega por paqueter\u00eda, el cual se cotizar\u00e1 en el momento de la solicitud de este. CLASS Education no se hace responsable por entregas tard\u00edas o p\u00e9rdida de documentaci\u00f3n de parte de la empresa del servicio de entrega.<\/p><p class=\"p1\"><b>12.Condiciones<\/b>. El cliente deber\u00e1 tener presente que CLASS Education responder\u00e1 siempre como intermediario ante los prestadores de servicios en el extranjero; por ello, fungir\u00e1 como un apoyo y aliado con el Cliente ante las pol\u00edticas de cada instituci\u00f3n participante sin poder por ello modificarlas o anularlas en caso de presentarse alguna situaci\u00f3n que amerite su uso. CLASS Education no podr\u00e1<\/p><p class=\"p1\">hacerse responsable en caso de que el estudiante sea sujeto de una expulsi\u00f3n o penalizaci\u00f3n por conducta o desempe\u00f1o acad\u00e9mico, una vez iniciado el curso, sea por parte de la instituci\u00f3n acad\u00e9mica o del servicio de alojamiento en caso de conductas inapropiadas. CLASS Education no podr\u00e1 hacerse responsable en caso de que el estudiante no encuentre un empleo en el extranjero, ni funge como asesor de migracio<span class=\"s1\">\u0301<\/span>n, por lo que no podra<span class=\"s1\">\u0301 <\/span>hacerse responsable de ningu<span class=\"s1\">\u0301<\/span>n aspecto relacionado con esos temas. En caso de contar con, o de haber tramitado un permiso de estudios con opci\u00f3n de trabajo o permiso laboral relacionado con su programa de estudios, dicho permiso, su vigencia y aplicabilidad estara<span class=\"s1\">\u0301<\/span>n sujetos a las poli<span class=\"s1\">\u0301<\/span>ticas y disposiciones de la institucio<span class=\"s1\">\u0301<\/span>n emisora asi<span class=\"s1\">\u0301 <\/span>como de las autoridades del gobierno del pai<span class=\"s1\">\u0301<\/span>s correspondiente.<span class=\"Apple-converted-space\">\u00a0<\/span><\/p><p class=\"p1\">Al firmar el presente contrato, el cliente acepta voluntariamente la instituci\u00f3n seleccionada, sus pol\u00edticas y el presupuesto para ella planteado, y acepta la posibilidad de que lleguen a sufrir modificaciones posteriores a la firma del mismo. El presupuesto estar\u00e1 sujeto a ajustes por parte de los prestadores de servicios en el extranjero, de acuerdo a sus propias pol\u00edticas y, en su caso, ser\u00e1n comunicados dichos ajustes por parte de CLASS Education, sin que esto implique una responsabilidad por parte de \u00e9sta \u00faltima empresa. Las partes acuerdan que en caso que se suscite cualquier controversia con motivo de la interpretaci\u00f3n y cumplimento del presente Contrato, las partes se someter\u00e1n a los Tribunales de Justicia del Distrito Federal y renuncian expresamente a cualquier otra jurisdicci\u00f3n que pudiera corresponder respecto a su domicilio presente o futuro, o al domicilio de cualquiera de los prestadores de servicios relacionados con los estudios en el extranjero.<span class=\"Apple-converted-space\">\u00a0<\/span><\/p><p class=\"p1\"><b>APENDICE 1: <\/b>Colleges y Universidades<span class=\"Apple-converted-space\">\u00a0<\/span><\/p><p class=\"p1\">A.CLASS Education apoyar\u00e1 al Cliente a realizar los pagos a la instituci\u00f3n educativa correspondiente una vez recibido el importe, en moneda extranjera o su equivalente al tipo de cambio del d\u00eda publicado por CLASS Education, por parte del cliente en tiempo y forma. Para pagos correspondientes al segundo a\u00f1o o posteriores, CLASS Education cobrar\u00e1 un cargo administrativo de $100 CAD adicionales al importe correspondiente requerido por la instituci\u00f3n.<\/p><p class=\"p1\">B.En caso de que el Cliente solicite cambios de fecha de inicio de su programa educativo o de instituci\u00f3n educativa, a partir del SEGUNDO cambio de fecha o programa de estudio y\/o del TERCER cambio de instituci\u00f3n seleccionada para aplicar, se cobrar\u00e1 un importe adicional de $250 CAD en concepto de gastos administrativos.<\/p><p class=\"p1\">C.A partir de un tercer tr\u00e1mite de registro a una diferente instituci\u00f3n educativa, cada dos nuevas aplicaciones, el cliente deber\u00e1<span class=\"s1\">\u0301 <\/span>cubrir un importe adicional de $250CAD en concepto de gastos administrativos adicional al importe por concepto de Application Fee establecido por las instituciones educativas seleccionadas, previo a que CLASS Education inicie el tr\u00e1mite de registro en estas.<\/p><p>\u00a0<\/p>\t\t\t\t\t\t\t\t<\/div>\n\t\t\t\t<\/div>\n\t\t\t\t\t<\/div>\n\t\t<\/div>\n\t\t\t\t\t<\/div>\n\t\t<\/section>\n\t\t\t\t<\/div>","protected":false},"excerpt":{"rendered":"<p>T\u00e9rminos y Condiciones 1.Declaraci\u00f3n. CLASS Education es el nombre y marca registrada de CLASS Consulting, S.C.,legalmente constituida conforme a las leyes mexicanas. 2.Inscripci\u00f3n. A la firma del presente contrato, CLASS Education ofrecer\u00e1 el servicio de consultor\u00eda, intermediaci\u00f3n, tr\u00e1mite y registro para estudios en el extranjero de acuerdo a los requisitos, pol\u00edticas y criterios de elegibilidad [&hellip;]<\/p>\n","protected":false},"author":163,"featured_media":17499,"parent":0,"menu_order":0,"comment_status":"closed","ping_status":"closed","template":"","meta":{"_acf_changed":false,"footnotes":""},"class_list":["post-17547","page","type-page","status-publish","has-post-thumbnail","hentry"],"acf":[],"_links":{"self":[{"href":"https:\/\/classeducation.com\/en\/wp-json\/wp\/v2\/pages\/17547","targetHints":{"allow":["GET"]}}],"collection":[{"href":"https:\/\/classeducation.com\/en\/wp-json\/wp\/v2\/pages"}],"about":[{"href":"https:\/\/classeducation.com\/en\/wp-json\/wp\/v2\/types\/page"}],"author":[{"embeddable":true,"href":"https:\/\/classeducation.com\/en\/wp-json\/wp\/v2\/users\/163"}],"replies":[{"embeddable":true,"href":"https:\/\/classeducation.com\/en\/wp-json\/wp\/v2\/comments?post=17547"}],"version-history":[{"count":32,"href":"https:\/\/classeducation.com\/en\/wp-json\/wp\/v2\/pages\/17547\/revisions"}],"predecessor-version":[{"id":17580,"href":"https:\/\/classeducation.com\/en\/wp-json\/wp\/v2\/pages\/17547\/revisions\/17580"}],"wp:featuredmedia":[{"embeddable":true,"href":"https:\/\/classeducation.com\/en\/wp-json\/wp\/v2\/media\/17499"}],"wp:attachment":[{"href":"https:\/\/classeducation.com\/en\/wp-json\/wp\/v2\/media?parent=17547"}],"curies":[{"name":"wp","href":"https:\/\/api.w.org\/{rel}","templated":true}]}}